{"id":5943,"date":"2019-02-19T16:47:51","date_gmt":"2019-02-19T16:47:51","guid":{"rendered":"https:\/\/www.thegreenelephant.nl\/booking-conditions"},"modified":"2024-02-28T09:19:12","modified_gmt":"2024-02-28T09:19:12","slug":"buchungsbedingungen","status":"publish","type":"page","link":"https:\/\/www.thegreenelephant.nl\/de\/booking-conditions\/","title":{"rendered":"Buchungsbedingungen"},"content":{"rendered":"<div class=\"fusion-fullwidth fullwidth-box fusion-builder-row-1 fusion-flex-container nonhundred-percent-fullwidth non-hundred-percent-height-scrolling\" style=\"--awb-border-radius-top-left:0px;--awb-border-radius-top-right:0px;--awb-border-radius-bottom-right:0px;--awb-border-radius-bottom-left:0px;--awb-flex-wrap:wrap;\" ><div class=\"fusion-builder-row fusion-row fusion-flex-align-items-flex-start fusion-flex-content-wrap\" style=\"max-width:1456px;margin-left: calc(-4% \/ 2 );margin-right: calc(-4% \/ 2 );\"><div class=\"fusion-layout-column fusion_builder_column fusion-builder-column-0 fusion_builder_column_1_2 1_2 fusion-flex-column\" style=\"--awb-bg-size:cover;--awb-width-large:50%;--awb-margin-top-large:0px;--awb-spacing-right-large:3.84%;--awb-margin-bottom-large:20px;--awb-spacing-left-large:3.84%;--awb-width-medium:100%;--awb-spacing-right-medium:1.92%;--awb-spacing-left-medium:1.92%;--awb-width-small:100%;--awb-spacing-right-small:1.92%;--awb-spacing-left-small:1.92%;\"><div class=\"fusion-column-wrapper fusion-flex-justify-content-flex-start fusion-content-layout-column\"><div class=\"fusion-text fusion-text-1\"><p><strong>Bedingungen f\u00fcr die Reservierung<\/strong><\/p>\n<p><u>Buchungsbedingungen f\u00fcr bis zu 5 Zimmer pro Nacht<\/u><\/p>\n<ul>\n<li>Eine Kreditkarte ist erforderlich, um Ihre Reservierung zu garantieren.<\/li>\n<li>Wenn Sie eine nicht erstattungsf\u00e4hige Buchung stornieren, wird dieser Betrag nicht zur\u00fcckerstattet<\/li>\n<li>Eine erstattungsf\u00e4hige Buchung kann bis zu 24 Stunden vor dem Anreisedatum storniert werden.<\/li>\n<li>Wenn eine flexible Buchung bereits bezahlt wurde, erstatten wir den gezahlten Betrag nach Abzug der Stornierungsgeb\u00fchr zur\u00fcck<\/li>\n<li>Eine \u00c4nderung der Reservierung kann bis zu 24 Stunden vor der Ankunft und nur im Falle einer flexiblen Reservierung vorgenommen werden. Bei einer \u00c4nderung der Reservierung innerhalb von 24 Stunden vor der Ankunft wird die erste Nacht in Rechnung gestellt, bei einer Verlegung der Reservierung auf ein Datum mit h\u00f6heren Zimmerpreisen kann ein Aufschlag erhoben werden, und bei niedrigeren Zimmerpreisen wird die Differenz nicht erstattet<\/li>\n<li>Bei falschen Preisen oder Verf\u00fcgbarkeiten sind offensichtliche Irrt\u00fcmer und Fehler (einschlie\u00dflich Druck- und Tippfehler sowie Nulltarife) nicht verbindlich, z. B. wenn eine Suite im Jahresdurchschnitt 1000 \u20ac kostet, gilt ein Preis von 100 \u20ac als offensichtlicher Irrtum und die Buchung wird nicht anerkannt.<\/li>\n<li>Haustiere sind nur nach Ma\u00dfgabe der Verf\u00fcgbarkeit von haustierfreundlichen Zimmern erlaubt. Das Mitbringen eines Haustieres muss vor der Reservierung genehmigt werden. Die zus\u00e4tzliche Geb\u00fchr betr\u00e4gt 10 \u20ac pro Nacht<\/li>\n<li>Der Check-in ist ab 15.00 Uhr m\u00f6glich, wenn Sie fr\u00fcher anreisen, k\u00f6nnen Sie Ihr Gep\u00e4ck im Voraus bei uns deponieren. Sie k\u00f6nnen auch einen fr\u00fchen Check-in gegen eine Geb\u00fchr buchen (je nach Verf\u00fcgbarkeit)<\/li>\n<li>Unsere Check-out-Zeit ist nicht sp\u00e4ter als 11 Uhr, wir bitten Sie, Ihr Zimmer p\u00fcnktlich zu verlassen.<\/li>\n<li>Wenn Sie Ihr Zimmer am Abreisetag nach 11 Uhr zur Verf\u00fcgung haben m\u00f6chten, k\u00f6nnen Sie dies an der Rezeption gegen eine Geb\u00fchr beantragen (je nach Verf\u00fcgbarkeit)<\/li>\n<li>Die Stadt Maastricht erhebt eine Kurtaxe. Der Betrag betr\u00e4gt 3,18 \u20ac pro Person und Nacht.<\/li>\n<li>Mit Ihrem Aufenthalt im Hotel investieren Sie in eine nachhaltige Zukunft. Wir investieren in verschiedene nachhaltige L\u00f6sungen und bitten Sie, einen kleinen Beitrag zu leisten, der auf Ihrer Best\u00e4tigung als Green Fee bezeichnet wird und sich auf 2,07 \u20ac\u00a0pro Person und Nacht bel\u00e4uft. Sollten Sie damit nicht einverstanden sein, k\u00f6nnen Sie eine R\u00fcckerstattung beantragen.<\/li>\n<li>Die Kurtaxe und die Green Fee belaufen sich zusammen auf 6,75 \u20ac pro Person und Nacht.<\/li>\n<li>F\u00fcr gebuchte Gruppen ab 5 Zimmern pro Nacht gelten die Stornobedingungen f\u00fcr Gruppen gem\u00e4\u00df den<a href=\"http:\/\/www.khn.nl\/uvh-nl\">Einheitlichen Bedingungen f\u00fcr das Hotel- und Gastst\u00e4ttengewerbe<\/a>.<\/li>\n<\/ul>\n<p>Betalingsvoorwaarden<\/p>\n<ul>\n<li>Zum Zeitpunkt der Buchung ist eine Anzahlung von 50 % erforderlich.<\/li>\n<li>Die restlichen 50% m\u00f6chten wir sp\u00e4testens 3 Wochen vor Anreise erhalten.<\/li>\n<\/ul>\n<p>Annullierungsbedingungen<\/p>\n<p>Wird f\u00fcr eine Gruppe nur eine Hotelunterkunft mit oder ohne Fr\u00fchst\u00fcck gebucht, so gelten f\u00fcr die Stornierung dieser Buchung die folgenden Bedingungen.<\/p>\n<ul>\n<li>Im Falle einer Annullierung mehr als 3 Monate vor dem Zeitpunkt, zu dem gem\u00e4\u00df dem HOGA-Vertrag die erste HOGA-Dienstleistung zu erbringen ist, im folgenden &#8222;Beginndatum&#8220; genannt, ist der Kunde nicht verpflichtet, dem Hotelbetrieb irgendeine Zahlung zu leisten.<\/li>\n<li>Im Falle einer Stornierung mehr als 2 Monate vor Reiseantritt ist der Kunde verpflichtet, 15% des Reservierungswertes an den Hotelbetrieb zu zahlen.<\/li>\n<li>Im Falle einer Stornierung mehr als 1 Monat vor Reiseantritt ist der Kunde verpflichtet, 35% des Buchungswertes an den Hotelbetrieb zu zahlen.<\/li>\n<li>Im Falle einer Stornierung mehr als 14 Tage vor Reiseantritt ist der Kunde verpflichtet, 60 % des Buchungswertes an den Hotelbetrieb zu zahlen.<\/li>\n<li>Im Falle einer Stornierung mehr als 7 Tage vor Reiseantritt ist der Kunde verpflichtet, 85% des Buchungswertes an den Hotelbetrieb zu zahlen.<\/li>\n<li>Bei einer Stornierung 7 Tage oder weniger vor dem Anreisedatum muss der Kunde 100 % des Buchungswerts an die Hotelgesellschaft zahlen.<\/li>\n<\/ul>\n<\/div><\/div><\/div><div class=\"fusion-layout-column fusion_builder_column fusion-builder-column-1 fusion_builder_column_1_2 1_2 fusion-flex-column thtextboxright\" style=\"--awb-bg-size:cover;--awb-width-large:50%;--awb-margin-top-large:0px;--awb-spacing-right-large:3.84%;--awb-margin-bottom-large:20px;--awb-spacing-left-large:3.84%;--awb-width-medium:100%;--awb-spacing-right-medium:1.92%;--awb-spacing-left-medium:1.92%;--awb-width-small:100%;--awb-spacing-right-small:1.92%;--awb-spacing-left-small:1.92%;\"><div class=\"fusion-column-wrapper fusion-flex-justify-content-flex-start fusion-content-layout-column\"><div class=\"fusion-image-element \" style=\"text-align:center;--awb-caption-title-font-family:var(--h2_typography-font-family);--awb-caption-title-font-weight:var(--h2_typography-font-weight);--awb-caption-title-font-style:var(--h2_typography-font-style);--awb-caption-title-size:var(--h2_typography-font-size);--awb-caption-title-transform:var(--h2_typography-text-transform);--awb-caption-title-line-height:var(--h2_typography-line-height);--awb-caption-title-letter-spacing:var(--h2_typography-letter-spacing);\"><span class=\" fusion-imageframe imageframe-dropshadow imageframe-1 hover-type-zoomin\" style=\"-webkit-box-shadow: 3px 3px 7px rgba(114,114,114,0.3);box-shadow: 3px 3px 7px rgba(114,114,114,0.3);\"><img decoding=\"async\" width=\"800\" height=\"534\" alt=\"Gemeenschappelijke groene ruimtes - The Green Elephant Hostels\" title=\"check-in\" src=\"https:\/\/www.thegreenelephant.nl\/wp-content\/uploads\/2019\/04\/check-in-1.jpg\" class=\"img-responsive wp-image-2620\" srcset=\"https:\/\/www.thegreenelephant.nl\/wp-content\/uploads\/2019\/04\/check-in-1-200x134.jpg 200w, https:\/\/www.thegreenelephant.nl\/wp-content\/uploads\/2019\/04\/check-in-1-400x267.jpg 400w, https:\/\/www.thegreenelephant.nl\/wp-content\/uploads\/2019\/04\/check-in-1-600x401.jpg 600w, https:\/\/www.thegreenelephant.nl\/wp-content\/uploads\/2019\/04\/check-in-1.jpg 800w\" sizes=\"(max-width: 1024px) 100vw, (max-width: 640px) 100vw, 800px\" \/><\/span><\/div><\/div><\/div><div class=\"fusion-layout-column fusion_builder_column fusion-builder-column-2 fusion_builder_column_1_1 1_1 fusion-flex-column\" style=\"--awb-bg-size:cover;--awb-width-large:100%;--awb-margin-top-large:0px;--awb-spacing-right-large:1.92%;--awb-margin-bottom-large:20px;--awb-spacing-left-large:1.92%;--awb-width-medium:100%;--awb-spacing-right-medium:1.92%;--awb-spacing-left-medium:1.92%;--awb-width-small:100%;--awb-spacing-right-small:1.92%;--awb-spacing-left-small:1.92%;\"><div class=\"fusion-column-wrapper fusion-flex-justify-content-flex-start fusion-content-layout-column\"><div class=\"fusion-separator\" style=\"align-self: center;margin-left: auto;margin-right: auto;margin-top:40px;margin-bottom:40px;width:100%;max-width:50%;\"><div class=\"fusion-separator-border sep-single sep-solid\" style=\"--awb-height:20px;--awb-amount:20px;--awb-sep-color:#775700;border-color:#775700;border-top-width:1px;\"><\/div><\/div><\/div><\/div><\/div><\/div>\n","protected":false},"excerpt":{"rendered":"","protected":false},"author":10,"featured_media":0,"parent":0,"menu_order":0,"comment_status":"closed","ping_status":"closed","template":"100-width.php","meta":{"footnotes":""},"class_list":["post-5943","page","type-page","status-publish","hentry"],"yoast_head":"<!-- This site is optimized with the Yoast SEO plugin v27.2 - https:\/\/yoast.com\/product\/yoast-seo-wordpress\/ -->\n<title>Buchungsbedingungen - The Green Elephant Hostel in Maastricht<\/title>\n<meta name=\"description\" content=\"Buchen Sie The Green Elephant Hostel in Maastricht jetzt! Bestpreis-Garantie. Pr\u00fcfen Sie unsere Buchungsbedingungen.\" \/>\n<meta name=\"robots\" content=\"index, follow, max-snippet:-1, max-image-preview:large, max-video-preview:-1\" \/>\n<link rel=\"canonical\" href=\"https:\/\/www.thegreenelephant.nl\/de\/booking-conditions\" \/>\n<meta property=\"og:locale\" content=\"de_DE\" \/>\n<meta property=\"og:type\" content=\"article\" \/>\n<meta property=\"og:title\" content=\"Buchungsbedingungen - The Green Elephant Hostel in Maastricht\" \/>\n<meta property=\"og:description\" content=\"Buchen Sie The Green Elephant Hostel in Maastricht jetzt! Bestpreis-Garantie. Pr\u00fcfen Sie unsere Buchungsbedingungen.\" \/>\n<meta property=\"og:url\" content=\"https:\/\/www.thegreenelephant.nl\/de\/booking-conditions\" \/>\n<meta property=\"og:site_name\" content=\"The Green Elephant Hotel\" \/>\n<meta name=\"twitter:card\" content=\"summary_large_image\" \/>\n<meta name=\"twitter:label1\" content=\"Gesch\u00e4tzte Lesezeit\" \/>\n\t<meta name=\"twitter:data1\" content=\"4 Minuten\" \/>\n<script type=\"application\/ld+json\" class=\"yoast-schema-graph\">{\"@context\":\"https:\/\/schema.org\",\"@graph\":[{\"@type\":\"WebPage\",\"@id\":\"https:\/\/www.thegreenelephant.nl\/de\/booking-conditions\/\",\"url\":\"https:\/\/www.thegreenelephant.nl\/de\/booking-conditions\/\",\"name\":\"Buchungsbedingungen - The Green Elephant Hostel in Maastricht\",\"isPartOf\":{\"@id\":\"https:\/\/www.thegreenelephant.nl\/de\/#website\"},\"description\":\"Buchen Sie The Green Elephant Hostel in Maastricht jetzt! Bestpreis-Garantie. Pr\u00fcfen Sie unsere Buchungsbedingungen.\",\"breadcrumb\":{\"@id\":\"https:\/\/www.thegreenelephant.nl\/de\/booking-conditions\/#breadcrumb\"},\"inLanguage\":\"de-DE\",\"potentialAction\":[{\"@type\":\"ReadAction\",\"target\":[\"https:\/\/www.thegreenelephant.nl\/de\/booking-conditions\/\"]}]},{\"@type\":\"BreadcrumbList\",\"@id\":\"https:\/\/www.thegreenelephant.nl\/de\/booking-conditions\/#breadcrumb\",\"itemListElement\":[{\"@type\":\"ListItem\",\"position\":1,\"name\":\"Home\",\"item\":\"https:\/\/www.thegreenelephant.nl\/de\/\"},{\"@type\":\"ListItem\",\"position\":2,\"name\":\"Buchungsbedingungen\"}]},{\"@type\":\"WebSite\",\"@id\":\"https:\/\/www.thegreenelephant.nl\/de\/#website\",\"url\":\"https:\/\/www.thegreenelephant.nl\/de\/\",\"name\":\"The Green Elephant Hotel\",\"description\":\"Hotel in Maastricht\",\"potentialAction\":[{\"@type\":\"SearchAction\",\"target\":{\"@type\":\"EntryPoint\",\"urlTemplate\":\"https:\/\/www.thegreenelephant.nl\/de\/?s={search_term_string}\"},\"query-input\":{\"@type\":\"PropertyValueSpecification\",\"valueRequired\":true,\"valueName\":\"search_term_string\"}}],\"inLanguage\":\"de-DE\"}]}<\/script>\n<!-- \/ Yoast SEO plugin. -->","yoast_head_json":{"title":"Buchungsbedingungen - The Green Elephant Hostel in Maastricht","description":"Buchen Sie The Green Elephant Hostel in Maastricht jetzt! Bestpreis-Garantie. Pr\u00fcfen Sie unsere Buchungsbedingungen.","robots":{"index":"index","follow":"follow","max-snippet":"max-snippet:-1","max-image-preview":"max-image-preview:large","max-video-preview":"max-video-preview:-1"},"canonical":"https:\/\/www.thegreenelephant.nl\/de\/booking-conditions","og_locale":"de_DE","og_type":"article","og_title":"Buchungsbedingungen - The Green Elephant Hostel in Maastricht","og_description":"Buchen Sie The Green Elephant Hostel in Maastricht jetzt! Bestpreis-Garantie. Pr\u00fcfen Sie unsere Buchungsbedingungen.","og_url":"https:\/\/www.thegreenelephant.nl\/de\/booking-conditions","og_site_name":"The Green Elephant Hotel","twitter_card":"summary_large_image","twitter_misc":{"Gesch\u00e4tzte Lesezeit":"4 Minuten"},"schema":{"@context":"https:\/\/schema.org","@graph":[{"@type":"WebPage","@id":"https:\/\/www.thegreenelephant.nl\/de\/booking-conditions\/","url":"https:\/\/www.thegreenelephant.nl\/de\/booking-conditions\/","name":"Buchungsbedingungen - The Green Elephant Hostel in Maastricht","isPartOf":{"@id":"https:\/\/www.thegreenelephant.nl\/de\/#website"},"description":"Buchen Sie The Green Elephant Hostel in Maastricht jetzt! Bestpreis-Garantie. Pr\u00fcfen Sie unsere Buchungsbedingungen.","breadcrumb":{"@id":"https:\/\/www.thegreenelephant.nl\/de\/booking-conditions\/#breadcrumb"},"inLanguage":"de-DE","potentialAction":[{"@type":"ReadAction","target":["https:\/\/www.thegreenelephant.nl\/de\/booking-conditions\/"]}]},{"@type":"BreadcrumbList","@id":"https:\/\/www.thegreenelephant.nl\/de\/booking-conditions\/#breadcrumb","itemListElement":[{"@type":"ListItem","position":1,"name":"Home","item":"https:\/\/www.thegreenelephant.nl\/de\/"},{"@type":"ListItem","position":2,"name":"Buchungsbedingungen"}]},{"@type":"WebSite","@id":"https:\/\/www.thegreenelephant.nl\/de\/#website","url":"https:\/\/www.thegreenelephant.nl\/de\/","name":"The Green Elephant Hotel","description":"Hotel in Maastricht","potentialAction":[{"@type":"SearchAction","target":{"@type":"EntryPoint","urlTemplate":"https:\/\/www.thegreenelephant.nl\/de\/?s={search_term_string}"},"query-input":{"@type":"PropertyValueSpecification","valueRequired":true,"valueName":"search_term_string"}}],"inLanguage":"de-DE"}]}},"_links":{"self":[{"href":"https:\/\/www.thegreenelephant.nl\/de\/wp-json\/wp\/v2\/pages\/5943","targetHints":{"allow":["GET"]}}],"collection":[{"href":"https:\/\/www.thegreenelephant.nl\/de\/wp-json\/wp\/v2\/pages"}],"about":[{"href":"https:\/\/www.thegreenelephant.nl\/de\/wp-json\/wp\/v2\/types\/page"}],"author":[{"embeddable":true,"href":"https:\/\/www.thegreenelephant.nl\/de\/wp-json\/wp\/v2\/users\/10"}],"replies":[{"embeddable":true,"href":"https:\/\/www.thegreenelephant.nl\/de\/wp-json\/wp\/v2\/comments?post=5943"}],"version-history":[{"count":0,"href":"https:\/\/www.thegreenelephant.nl\/de\/wp-json\/wp\/v2\/pages\/5943\/revisions"}],"wp:attachment":[{"href":"https:\/\/www.thegreenelephant.nl\/de\/wp-json\/wp\/v2\/media?parent=5943"}],"curies":[{"name":"wp","href":"https:\/\/api.w.org\/{rel}","templated":true}]}}