{"id":5944,"date":"2019-02-19T16:48:24","date_gmt":"2019-02-19T16:48:24","guid":{"rendered":"https:\/\/www.thegreenelephant.nl\/best-rate-guarantee"},"modified":"2024-04-09T11:24:36","modified_gmt":"2024-04-09T11:24:36","slug":"bestpreis-garantie","status":"publish","type":"page","link":"https:\/\/www.thegreenelephant.nl\/de\/bestpreis-garantie\/","title":{"rendered":"Bestpreis-Garantie"},"content":{"rendered":"<div class=\"fusion-fullwidth fullwidth-box fusion-builder-row-1 fusion-flex-container nonhundred-percent-fullwidth non-hundred-percent-height-scrolling\" style=\"--awb-border-radius-top-left:0px;--awb-border-radius-top-right:0px;--awb-border-radius-bottom-right:0px;--awb-border-radius-bottom-left:0px;--awb-flex-wrap:wrap;\" ><div class=\"fusion-builder-row fusion-row fusion-flex-align-items-flex-start fusion-flex-content-wrap\" style=\"max-width:1456px;margin-left: calc(-4% \/ 2 );margin-right: calc(-4% \/ 2 );\"><div class=\"fusion-layout-column fusion_builder_column fusion-builder-column-0 fusion_builder_column_1_1 1_1 fusion-flex-column\" style=\"--awb-bg-size:cover;--awb-width-large:100%;--awb-margin-top-large:0px;--awb-spacing-right-large:1.92%;--awb-margin-bottom-large:0px;--awb-spacing-left-large:1.92%;--awb-width-medium:100%;--awb-spacing-right-medium:1.92%;--awb-spacing-left-medium:1.92%;--awb-width-small:100%;--awb-spacing-right-small:1.92%;--awb-spacing-left-small:1.92%;\"><div class=\"fusion-column-wrapper fusion-flex-justify-content-flex-start fusion-content-layout-column\"><div class=\"fusion-text fusion-text-1\"><p><strong>Bester Preis garantiert!<\/strong> Buchen Sie direkt \u00fcber unsere Website: <a href=\"https:\/\/www.thegreenelephant.nl\">www.thegreenelephant.nl<\/a> oder <a href=\"http:\/\/www.lbghotels.com\">www.lbghotels.com<\/a> und profitieren Sie vom niedrigsten Preis!<\/p>\n<p><strong>Was versprechen wir?<\/strong><\/p>\n<ul>\n<li>Die Green Elephant Hostels garantiert, dass Sie auf unserer eigenen Website den niedrigsten Preis f\u00fcr Ihr Zimmer zahlen.<\/li>\n<li>Dies gilt f\u00fcr dieselben Zimmertypen, Daten, Bedingungen und Preise (Zimmerbedingungen) zum Zeitpunkt der Buchung und innerhalb von 24 Stunden danach (Bestpreisgarantie).<\/li>\n<\/ul>\n<p><strong>Wie funktioniert es?<\/strong><br \/>\nWenn Sie einen ver\u00f6ffentlichten Preis finden, der zum Zeitpunkt niedriger ist, unter denselben Zimmerbedingungen (Wettbewerbsrate), und The Green Elephant Hostels per E-Mail mit Ihrem Namen, Ihrer Reservierungsnummer und der Website, auf der Sie den niedrigeren Preis gesehen haben, benachrichtigen, wird The Green Elephant Hostels diese Anfrage \u00fcberpr\u00fcfen und Ihre Reservierung gegebenenfalls innerhalb von 24 Stunden nach der Reservierung anpassen. (Anspr\u00fcche im Rahmen dieser Bestpreisgarantie sind nur g\u00fcltig, wenn sie alle Bedingungen erf\u00fcllen.)<\/p>\n<h2>Bedingungen<\/h2>\n<ul>\n<li>Zimmerbedingungen\n<ul>\n<li><strong>\u00c4quivalenter Zimmertyp:<\/strong> Die Bestpreisgarantie gilt f\u00fcr einen vergleichbaren Zimmertyp, der weitgehend den Zimmern entspricht, die \u00fcber die Website von The Green Elephant Hostels gebucht werden k\u00f6nnen. Vergleichbare Zimmertypen entsprechen haupts\u00e4chlich in Bereichen wie Aussicht, Ausstattung, Bettw\u00e4sche und Gr\u00f6\u00dfe, wie von The Green Elephant Hostels festgelegt.<\/li>\n<li><strong>Gleiche Daten:<\/strong> Der niedrigere Preis muss online f\u00fcr ein vergleichbares Zimmer mit demselben An- und Abreisedatum verf\u00fcgbar sein.<\/li>\n<li><strong>Gleiche Bedingungen:<\/strong> Alle Preis- oder Tarifbedingungen, einschlie\u00dflich, aber nicht beschr\u00e4nkt auf Vorauszahlung, Anzahlung oder andere Bedingungen, m\u00fcssen gleich oder strenger sein als die Bedingungen, die auf der Website von The Green Elephant Hostels zu finden sind. Zum Beispiel kann ein Zimmer, das \u00fcber die Website von The Green Elephant Hostels gebucht werden kann, kostenlos storniert werden, nicht mit einem Zimmer auf einer anderen Website verglichen werden, f\u00fcr das im Voraus gezahlt werden muss oder das nicht erstattungsf\u00e4hig ist. Wenn jedoch \u00fcber unsere Website ein im Voraus bezahlter, nicht erstattungsf\u00e4higer Tarif gebucht wird, kann dieser mit einem Tarif auf einer konkurrierenden Website verglichen werden, der stornierbar oder erstattungsf\u00e4hig ist. Die Bestpreisgarantie gilt nicht f\u00fcr Reservierungen auf Websites, bei denen die Reservierungsdetails erst nach dem Kauf bekannt werden.<\/li>\n<li><strong>Gleiche Preise:<\/strong> Der Zimmerpreis muss in der W\u00e4hrung des Hotels angeboten, gebucht und bezahlt werden. Zus\u00e4tzliche Kosten wie Zuschl\u00e4ge f\u00fcr zus\u00e4tzliche Personen sind nicht von der Garantie abgedeckt. F\u00fcr einen Aufenthalt von mehreren N\u00e4chten wird der durchschnittliche \u00dcbernachtungspreis auf einer konkurrierenden Website mit dem durchschnittlichen \u00dcbernachtungspreis f\u00fcr eine Reservierung f\u00fcr mehrere N\u00e4chte \u00fcber die Website von The Green Elephant Hostels verglichen.<\/li>\n<\/ul>\n<\/li>\n<\/ul>\n<ul>\n<li>Die Bestpreisgarantie gilt nicht f\u00fcr <strong>nicht ver\u00f6ffentlichte Preise<\/strong>, wie z.B.:\n<ul>\n<li>Firmenraten<\/li>\n<li>Gruppenraten<\/li>\n<li>Tagungsraten<\/li>\n<li>Mitgliedsrabatte<\/li>\n<li>Angebote per E-Mail oder Direktwerbung<\/li>\n<li>Raten auf &#8218;Opake&#8216; Websites, bei denen das genaue Hotel erst nach der Buchung bekannt gegeben wird<\/li>\n<\/ul>\n<\/li>\n<\/ul>\n<p><strong>Anspruchbedingungen<\/strong><br \/>\nUm diesen Anspruch geltend zu machen, m\u00fcssen Sie eine E-Mail an <a href=\"mailto:info@thegreenelephant.nl\">info@thegreenelephant.nl<\/a> senden. In dieser E-Mail m\u00fcssen Sie folgende Informationen angeben: Ihren Namen, die Hotelreservierungsnummer und die Website, auf der der niedrigere Preis verf\u00fcgbar ist. Unvollst\u00e4ndige oder falsche E-Mails werden nicht bearbeitet. Da der Anspruch auf die Bestpreisgarantie vor der Ankunft bearbeitet werden muss, m\u00fcssen Sie Ihren Antrag mindestens 24 Stunden vor der Ankunft einreichen.<\/p>\n<\/div><\/div><\/div><\/div><\/div>\n","protected":false},"excerpt":{"rendered":"","protected":false},"author":10,"featured_media":0,"parent":0,"menu_order":0,"comment_status":"closed","ping_status":"closed","template":"","meta":{"footnotes":""},"class_list":["post-5944","page","type-page","status-publish","hentry"],"yoast_head":"<!-- This site is optimized with the Yoast SEO plugin v27.4 - https:\/\/yoast.com\/product\/yoast-seo-wordpress\/ -->\n<title>Bestpreisgarantie - Der Gr\u00fcne Elefant Design Ho(s)tel Maastricht<\/title>\n<meta name=\"description\" content=\"Buchen Sie The Green Elephant Design Hotel Maastricht jetzt zum besten Preis. Wir garantieren den besten Preis, wenn G\u00e4ste direkt \u00fcber unsere offiziellen Websites buchen. Der Preis ist der beste verf\u00fcgbare Preis, der dem Zimmertyp, den Daten und den Preisen entspricht. Besuchen Sie Maastricht (Limburg) zum besten Preis - Offizielle Website\" \/>\n<meta name=\"robots\" content=\"index, follow, max-snippet:-1, max-image-preview:large, max-video-preview:-1\" \/>\n<link rel=\"canonical\" href=\"https:\/\/www.thegreenelephant.nl\/de\/bestpreis-garantie\" \/>\n<meta property=\"og:locale\" content=\"de_DE\" \/>\n<meta property=\"og:type\" content=\"article\" \/>\n<meta property=\"og:title\" content=\"Bestpreisgarantie - Der Gr\u00fcne Elefant Design Ho(s)tel Maastricht\" \/>\n<meta property=\"og:description\" content=\"Buchen Sie The Green Elephant Design Hotel Maastricht jetzt zum besten Preis. Wir garantieren den besten Preis, wenn G\u00e4ste direkt \u00fcber unsere offiziellen Websites buchen. Der Preis ist der beste verf\u00fcgbare Preis, der dem Zimmertyp, den Daten und den Preisen entspricht. Besuchen Sie Maastricht (Limburg) zum besten Preis - Offizielle Website\" \/>\n<meta property=\"og:url\" content=\"https:\/\/www.thegreenelephant.nl\/de\/bestpreis-garantie\" \/>\n<meta property=\"og:site_name\" content=\"The Green Elephant Hotel\" \/>\n<meta name=\"twitter:card\" content=\"summary_large_image\" \/>\n<meta name=\"twitter:label1\" content=\"Gesch\u00e4tzte Lesezeit\" \/>\n\t<meta name=\"twitter:data1\" content=\"4 Minuten\" \/>\n<script type=\"application\/ld+json\" class=\"yoast-schema-graph\">{\"@context\":\"https:\\\/\\\/schema.org\",\"@graph\":[{\"@type\":\"WebPage\",\"@id\":\"https:\\\/\\\/www.thegreenelephant.nl\\\/de\\\/bestpreis-garantie\\\/\",\"url\":\"https:\\\/\\\/www.thegreenelephant.nl\\\/de\\\/bestpreis-garantie\\\/\",\"name\":\"Bestpreisgarantie - Der Gr\u00fcne Elefant Design Ho(s)tel Maastricht\",\"isPartOf\":{\"@id\":\"https:\\\/\\\/www.thegreenelephant.nl\\\/de\\\/#website\"},\"description\":\"Buchen Sie The Green Elephant Design Hotel Maastricht jetzt zum besten Preis. Wir garantieren den besten Preis, wenn G\u00e4ste direkt \u00fcber unsere offiziellen Websites buchen. Der Preis ist der beste verf\u00fcgbare Preis, der dem Zimmertyp, den Daten und den Preisen entspricht. Besuchen Sie Maastricht (Limburg) zum besten Preis - Offizielle Website\",\"breadcrumb\":{\"@id\":\"https:\\\/\\\/www.thegreenelephant.nl\\\/de\\\/bestpreis-garantie\\\/#breadcrumb\"},\"inLanguage\":\"de-DE\",\"potentialAction\":[{\"@type\":\"ReadAction\",\"target\":[\"https:\\\/\\\/www.thegreenelephant.nl\\\/de\\\/bestpreis-garantie\\\/\"]}]},{\"@type\":\"BreadcrumbList\",\"@id\":\"https:\\\/\\\/www.thegreenelephant.nl\\\/de\\\/bestpreis-garantie\\\/#breadcrumb\",\"itemListElement\":[{\"@type\":\"ListItem\",\"position\":1,\"name\":\"Home\",\"item\":\"https:\\\/\\\/www.thegreenelephant.nl\\\/de\\\/\"},{\"@type\":\"ListItem\",\"position\":2,\"name\":\"Bestpreis-Garantie\"}]},{\"@type\":\"WebSite\",\"@id\":\"https:\\\/\\\/www.thegreenelephant.nl\\\/de\\\/#website\",\"url\":\"https:\\\/\\\/www.thegreenelephant.nl\\\/de\\\/\",\"name\":\"The Green Elephant Hotel\",\"description\":\"Hotel in Maastricht\",\"potentialAction\":[{\"@type\":\"SearchAction\",\"target\":{\"@type\":\"EntryPoint\",\"urlTemplate\":\"https:\\\/\\\/www.thegreenelephant.nl\\\/de\\\/?s={search_term_string}\"},\"query-input\":{\"@type\":\"PropertyValueSpecification\",\"valueRequired\":true,\"valueName\":\"search_term_string\"}}],\"inLanguage\":\"de-DE\"}]}<\/script>\n<!-- \/ Yoast SEO plugin. -->","yoast_head_json":{"title":"Bestpreisgarantie - Der Gr\u00fcne Elefant Design Ho(s)tel Maastricht","description":"Buchen Sie The Green Elephant Design Hotel Maastricht jetzt zum besten Preis. Wir garantieren den besten Preis, wenn G\u00e4ste direkt \u00fcber unsere offiziellen Websites buchen. Der Preis ist der beste verf\u00fcgbare Preis, der dem Zimmertyp, den Daten und den Preisen entspricht. Besuchen Sie Maastricht (Limburg) zum besten Preis - Offizielle Website","robots":{"index":"index","follow":"follow","max-snippet":"max-snippet:-1","max-image-preview":"max-image-preview:large","max-video-preview":"max-video-preview:-1"},"canonical":"https:\/\/www.thegreenelephant.nl\/de\/bestpreis-garantie","og_locale":"de_DE","og_type":"article","og_title":"Bestpreisgarantie - Der Gr\u00fcne Elefant Design Ho(s)tel Maastricht","og_description":"Buchen Sie The Green Elephant Design Hotel Maastricht jetzt zum besten Preis. Wir garantieren den besten Preis, wenn G\u00e4ste direkt \u00fcber unsere offiziellen Websites buchen. Der Preis ist der beste verf\u00fcgbare Preis, der dem Zimmertyp, den Daten und den Preisen entspricht. Besuchen Sie Maastricht (Limburg) zum besten Preis - Offizielle Website","og_url":"https:\/\/www.thegreenelephant.nl\/de\/bestpreis-garantie","og_site_name":"The Green Elephant Hotel","twitter_card":"summary_large_image","twitter_misc":{"Gesch\u00e4tzte Lesezeit":"4 Minuten"},"schema":{"@context":"https:\/\/schema.org","@graph":[{"@type":"WebPage","@id":"https:\/\/www.thegreenelephant.nl\/de\/bestpreis-garantie\/","url":"https:\/\/www.thegreenelephant.nl\/de\/bestpreis-garantie\/","name":"Bestpreisgarantie - Der Gr\u00fcne Elefant Design Ho(s)tel Maastricht","isPartOf":{"@id":"https:\/\/www.thegreenelephant.nl\/de\/#website"},"description":"Buchen Sie The Green Elephant Design Hotel Maastricht jetzt zum besten Preis. Wir garantieren den besten Preis, wenn G\u00e4ste direkt \u00fcber unsere offiziellen Websites buchen. Der Preis ist der beste verf\u00fcgbare Preis, der dem Zimmertyp, den Daten und den Preisen entspricht. Besuchen Sie Maastricht (Limburg) zum besten Preis - Offizielle Website","breadcrumb":{"@id":"https:\/\/www.thegreenelephant.nl\/de\/bestpreis-garantie\/#breadcrumb"},"inLanguage":"de-DE","potentialAction":[{"@type":"ReadAction","target":["https:\/\/www.thegreenelephant.nl\/de\/bestpreis-garantie\/"]}]},{"@type":"BreadcrumbList","@id":"https:\/\/www.thegreenelephant.nl\/de\/bestpreis-garantie\/#breadcrumb","itemListElement":[{"@type":"ListItem","position":1,"name":"Home","item":"https:\/\/www.thegreenelephant.nl\/de\/"},{"@type":"ListItem","position":2,"name":"Bestpreis-Garantie"}]},{"@type":"WebSite","@id":"https:\/\/www.thegreenelephant.nl\/de\/#website","url":"https:\/\/www.thegreenelephant.nl\/de\/","name":"The Green Elephant Hotel","description":"Hotel in Maastricht","potentialAction":[{"@type":"SearchAction","target":{"@type":"EntryPoint","urlTemplate":"https:\/\/www.thegreenelephant.nl\/de\/?s={search_term_string}"},"query-input":{"@type":"PropertyValueSpecification","valueRequired":true,"valueName":"search_term_string"}}],"inLanguage":"de-DE"}]}},"_links":{"self":[{"href":"https:\/\/www.thegreenelephant.nl\/de\/wp-json\/wp\/v2\/pages\/5944","targetHints":{"allow":["GET"]}}],"collection":[{"href":"https:\/\/www.thegreenelephant.nl\/de\/wp-json\/wp\/v2\/pages"}],"about":[{"href":"https:\/\/www.thegreenelephant.nl\/de\/wp-json\/wp\/v2\/types\/page"}],"author":[{"embeddable":true,"href":"https:\/\/www.thegreenelephant.nl\/de\/wp-json\/wp\/v2\/users\/10"}],"replies":[{"embeddable":true,"href":"https:\/\/www.thegreenelephant.nl\/de\/wp-json\/wp\/v2\/comments?post=5944"}],"version-history":[{"count":0,"href":"https:\/\/www.thegreenelephant.nl\/de\/wp-json\/wp\/v2\/pages\/5944\/revisions"}],"wp:attachment":[{"href":"https:\/\/www.thegreenelephant.nl\/de\/wp-json\/wp\/v2\/media?parent=5944"}],"curies":[{"name":"wp","href":"https:\/\/api.w.org\/{rel}","templated":true}]}}