{"id":5966,"date":"2022-10-21T08:22:09","date_gmt":"2022-10-21T08:22:09","guid":{"rendered":"https:\/\/www.thegreenelephant.nl\/?page_id=5966"},"modified":"2022-11-03T15:50:31","modified_gmt":"2022-11-03T15:50:31","slug":"meetings-events","status":"publish","type":"page","link":"https:\/\/www.thegreenelephant.nl\/de\/meetings-events\/","title":{"rendered":"MEETINGS &#038; EVENTS"},"content":{"rendered":"<div class=\"fusion-fullwidth fullwidth-box fusion-builder-row-1 fusion-flex-container nonhundred-percent-fullwidth non-hundred-percent-height-scrolling\" style=\"--awb-border-radius-top-left:0px;--awb-border-radius-top-right:0px;--awb-border-radius-bottom-right:0px;--awb-border-radius-bottom-left:0px;--awb-flex-wrap:wrap;\" ><div class=\"fusion-builder-row fusion-row fusion-flex-align-items-flex-start fusion-flex-content-wrap\" style=\"max-width:1456px;margin-left: calc(-4% \/ 2 );margin-right: calc(-4% \/ 2 );\"><div class=\"fusion-layout-column fusion_builder_column fusion-builder-column-0 fusion_builder_column_1_2 1_2 fusion-flex-column\" style=\"--awb-bg-size:cover;--awb-width-large:50%;--awb-margin-top-large:0px;--awb-spacing-right-large:3.84%;--awb-margin-bottom-large:20px;--awb-spacing-left-large:3.84%;--awb-width-medium:100%;--awb-spacing-right-medium:1.92%;--awb-spacing-left-medium:1.92%;--awb-width-small:100%;--awb-spacing-right-small:1.92%;--awb-spacing-left-small:1.92%;\"><div class=\"fusion-column-wrapper fusion-flex-justify-content-flex-start fusion-content-layout-column\"><div class=\"fusion-image-element \" style=\"text-align:center;--awb-caption-title-font-family:var(--h2_typography-font-family);--awb-caption-title-font-weight:var(--h2_typography-font-weight);--awb-caption-title-font-style:var(--h2_typography-font-style);--awb-caption-title-size:var(--h2_typography-font-size);--awb-caption-title-transform:var(--h2_typography-text-transform);--awb-caption-title-line-height:var(--h2_typography-line-height);--awb-caption-title-letter-spacing:var(--h2_typography-letter-spacing);\"><span class=\" fusion-imageframe imageframe-dropshadow imageframe-1 hover-type-zoomin\" style=\"-webkit-box-shadow: 3px 3px 7px rgba(114,114,114,0.3);box-shadow: 3px 3px 7px rgba(114,114,114,0.3);\"><img decoding=\"async\" width=\"800\" height=\"533\" alt=\"Events room\" title=\"events-room\" src=\"https:\/\/www.thegreenelephant.nl\/wp-content\/uploads\/2019\/03\/events-room-800x533.jpg\" class=\"img-responsive wp-image-2373\" srcset=\"https:\/\/www.thegreenelephant.nl\/wp-content\/uploads\/2019\/03\/events-room-200x133.jpg 200w, https:\/\/www.thegreenelephant.nl\/wp-content\/uploads\/2019\/03\/events-room-400x267.jpg 400w, https:\/\/www.thegreenelephant.nl\/wp-content\/uploads\/2019\/03\/events-room-600x400.jpg 600w, https:\/\/www.thegreenelephant.nl\/wp-content\/uploads\/2019\/03\/events-room.jpg 800w\" sizes=\"(max-width: 1024px) 100vw, (max-width: 640px) 100vw, 800px\" \/><\/span><\/div><\/div><\/div><div class=\"fusion-layout-column fusion_builder_column fusion-builder-column-1 fusion_builder_column_1_2 1_2 fusion-flex-column thtextboxright\" style=\"--awb-bg-size:cover;--awb-width-large:50%;--awb-margin-top-large:0px;--awb-spacing-right-large:3.84%;--awb-margin-bottom-large:20px;--awb-spacing-left-large:3.84%;--awb-width-medium:100%;--awb-spacing-right-medium:1.92%;--awb-spacing-left-medium:1.92%;--awb-width-small:100%;--awb-spacing-right-small:1.92%;--awb-spacing-left-small:1.92%;\"><div class=\"fusion-column-wrapper fusion-flex-justify-content-flex-start fusion-content-layout-column\"><div class=\"fusion-title title fusion-title-1 fusion-sep-none fusion-title-text fusion-title-size-one\"><h1 class=\"fusion-title-heading title-heading-left\" style=\"margin:0;\">THIRTY TREE EVENT SPACE<\/h1><\/div><div class=\"fusion-text fusion-text-1\"><p style=\"text-align: justify;\">Gleich um die Ecke von The Green Elephant in Wyck, Maastricht, gelegen, ist Thirty Tree der ultimative Ort f\u00fcr Meetings &amp; Events f\u00fcr unsere G\u00e4ste. Nur einen Steinwurf vom Busbahnhof und dem Bahnhof der Stadt entfernt, ist Thirty Tree einer der LBG Spaces von LBG Hotels, dem Erfinder von The Green Elephant. Wir wissen besser als jeder andere, dass die allerbesten Ideen &#8211; ob gro\u00df oder klein &#8211; das Produkt von Energie, Wagemut und Neugier sind.<\/p>\n<p style=\"text-align: justify;\">Thirty Tree ist der Ort, an dem Energie, Kreativit\u00e4t und Inspiration in perfekter Harmonie zusammenkommen und zu einem durch und durch umweltfreundlichen Konzept f\u00fcr eine auf Nachhaltigkeit ausgerichtete Tagungsumgebung f\u00fchren. Kein Wunder, wenn man bedenkt, dass sich hier auch die B\u00fcros von LBG Hotels befinden.<\/p>\n<\/div><div ><a class=\"fusion-button button-flat fusion-button-default-size button-default fusion-button-default button-1 fusion-button-default-span fusion-button-default-type\" target=\"_blank\" rel=\"noopener noreferrer\" href=\"https:\/\/www.lbghotels.com\/nl\/spaces\/thirty-tree\"><span class=\"fusion-button-text awb-button__text awb-button__text--default\">MEHR INFO<\/span><\/a><\/div><\/div><\/div><div class=\"fusion-layout-column fusion_builder_column fusion-builder-column-2 fusion_builder_column_1_1 1_1 fusion-flex-column\" style=\"--awb-bg-size:cover;--awb-width-large:100%;--awb-margin-top-large:0px;--awb-spacing-right-large:1.92%;--awb-margin-bottom-large:20px;--awb-spacing-left-large:1.92%;--awb-width-medium:100%;--awb-spacing-right-medium:1.92%;--awb-spacing-left-medium:1.92%;--awb-width-small:100%;--awb-spacing-right-small:1.92%;--awb-spacing-left-small:1.92%;\"><div class=\"fusion-column-wrapper fusion-flex-justify-content-flex-start fusion-content-layout-column\"><div class=\"fusion-separator\" style=\"align-self: center;margin-left: auto;margin-right: auto;margin-top:40px;margin-bottom:40px;width:100%;max-width:50%;\"><div class=\"fusion-separator-border sep-single sep-solid\" style=\"--awb-height:20px;--awb-amount:20px;border-color:var(--awb-color3);border-top-width:1px;\"><\/div><\/div><\/div><\/div><div class=\"fusion-layout-column fusion_builder_column fusion-builder-column-3 fusion_builder_column_1_2 1_2 fusion-flex-column thtextboxleft\" style=\"--awb-bg-size:cover;--awb-width-large:50%;--awb-margin-top-large:0px;--awb-spacing-right-large:3.84%;--awb-margin-bottom-large:20px;--awb-spacing-left-large:3.84%;--awb-width-medium:100%;--awb-spacing-right-medium:1.92%;--awb-spacing-left-medium:1.92%;--awb-width-small:100%;--awb-spacing-right-small:1.92%;--awb-spacing-left-small:1.92%;\"><div class=\"fusion-column-wrapper fusion-flex-justify-content-flex-start fusion-content-layout-column\"><div class=\"fusion-title title fusion-title-2 fusion-sep-none fusion-title-text fusion-title-size-one\"><h1 class=\"fusion-title-heading title-heading-left\" style=\"margin:0;\">Thirty Tree ist geeignet f\u00fcr<\/h1><\/div><div class=\"fusion-text fusion-text-2\"><ul>\n<li>Geeignet f\u00fcr<\/li>\n<li>Fr\u00fchst\u00fccks-Meetings<\/li>\n<li>Private Mittagessen<\/li>\n<li>Besprechungen<\/li>\n<li>Pr\u00e4sentationen<\/li>\n<li>Brainstorming-Sitzungen<\/li>\n<li>Workshops<\/li>\n<\/ul>\n<\/div><div class=\"fusion-title title fusion-title-3 fusion-sep-none fusion-title-text fusion-title-size-one\"><h1 class=\"fusion-title-heading title-heading-left\" style=\"margin:0;\">Einrichtungen von Thirty Tree<\/h1><\/div><div class=\"fusion-text fusion-text-3\"><ul>\n<li>Leinwand f\u00fcr Pr\u00e4sentationen<\/li>\n<li>Flipover<\/li>\n<li>Kostenloses Wi-Fi<\/li>\n<li>Notizblock und Stift<\/li>\n<li>Parkplatz op loopafstand<\/li>\n<\/ul>\n<\/div><\/div><\/div><div class=\"fusion-layout-column fusion_builder_column fusion-builder-column-4 fusion_builder_column_1_2 1_2 fusion-flex-column\" style=\"--awb-bg-size:cover;--awb-width-large:50%;--awb-margin-top-large:0px;--awb-spacing-right-large:3.84%;--awb-margin-bottom-large:20px;--awb-spacing-left-large:3.84%;--awb-width-medium:100%;--awb-spacing-right-medium:1.92%;--awb-spacing-left-medium:1.92%;--awb-width-small:100%;--awb-spacing-right-small:1.92%;--awb-spacing-left-small:1.92%;\"><div class=\"fusion-column-wrapper fusion-flex-justify-content-flex-start fusion-content-layout-column\"><div class=\"fusion-image-element \" style=\"text-align:center;--awb-caption-title-font-family:var(--h2_typography-font-family);--awb-caption-title-font-weight:var(--h2_typography-font-weight);--awb-caption-title-font-style:var(--h2_typography-font-style);--awb-caption-title-size:var(--h2_typography-font-size);--awb-caption-title-transform:var(--h2_typography-text-transform);--awb-caption-title-line-height:var(--h2_typography-line-height);--awb-caption-title-letter-spacing:var(--h2_typography-letter-spacing);\"><span class=\" fusion-imageframe imageframe-dropshadow imageframe-2 hover-type-zoomin\" style=\"-webkit-box-shadow: 3px 3px 7px var(--awb-color7);box-shadow: 3px 3px 7px var(--awb-color7);\"><img decoding=\"async\" width=\"800\" height=\"533\" alt=\"Event Kitchen - The Green Elephant Hostels\" title=\"events-kitchen\" src=\"https:\/\/www.thegreenelephant.nl\/wp-content\/uploads\/2019\/03\/events-kitchen-800x533.jpg\" class=\"img-responsive wp-image-2378\" srcset=\"https:\/\/www.thegreenelephant.nl\/wp-content\/uploads\/2019\/03\/events-kitchen-200x133.jpg 200w, https:\/\/www.thegreenelephant.nl\/wp-content\/uploads\/2019\/03\/events-kitchen-400x267.jpg 400w, https:\/\/www.thegreenelephant.nl\/wp-content\/uploads\/2019\/03\/events-kitchen-600x400.jpg 600w, https:\/\/www.thegreenelephant.nl\/wp-content\/uploads\/2019\/03\/events-kitchen.jpg 800w\" sizes=\"(max-width: 1024px) 100vw, (max-width: 640px) 100vw, 800px\" \/><\/span><\/div><\/div><\/div><\/div><\/div>\n","protected":false},"excerpt":{"rendered":"","protected":false},"author":12,"featured_media":0,"parent":5970,"menu_order":0,"comment_status":"closed","ping_status":"closed","template":"","meta":{"footnotes":""},"class_list":["post-5966","page","type-page","status-publish","hentry"],"yoast_head":"<!-- This site is optimized with the Yoast SEO plugin v27.2 - https:\/\/yoast.com\/product\/yoast-seo-wordpress\/ -->\n<title>Meetings &amp; Events in Wyck, Maastricht (Niederlande)<\/title>\n<meta name=\"description\" content=\"Thirty Tree ist der ultimative Veranstaltungsort f\u00fcr unsere G\u00e4ste in der N\u00e4he von The Green Elephant in Wyck, Maastricht (Niederlande). Einen Katzensprung vom Busbahnhof und dem Bahnhof von Maastricht entfernt. Thirty Tree ist ein Raum von LBG Spaces von LBG Hotels, der Hotelgruppe, zu der auch The Green Elephant geh\u00f6rt.\" \/>\n<meta name=\"robots\" content=\"index, follow, max-snippet:-1, max-image-preview:large, max-video-preview:-1\" \/>\n<link rel=\"canonical\" href=\"https:\/\/www.thegreenelephant.nl\/de\/meetings-events\" \/>\n<meta property=\"og:locale\" content=\"de_DE\" \/>\n<meta property=\"og:type\" content=\"article\" \/>\n<meta property=\"og:title\" content=\"Meetings &amp; Events in Wyck, Maastricht (Niederlande)\" \/>\n<meta property=\"og:description\" content=\"Thirty Tree ist der ultimative Veranstaltungsort f\u00fcr unsere G\u00e4ste in der N\u00e4he von The Green Elephant in Wyck, Maastricht (Niederlande). Einen Katzensprung vom Busbahnhof und dem Bahnhof von Maastricht entfernt. Thirty Tree ist ein Raum von LBG Spaces von LBG Hotels, der Hotelgruppe, zu der auch The Green Elephant geh\u00f6rt.\" \/>\n<meta property=\"og:url\" content=\"https:\/\/www.thegreenelephant.nl\/de\/meetings-events\" \/>\n<meta property=\"og:site_name\" content=\"The Green Elephant Hotel\" \/>\n<meta name=\"twitter:card\" content=\"summary_large_image\" \/>\n<meta name=\"twitter:label1\" content=\"Gesch\u00e4tzte Lesezeit\" \/>\n\t<meta name=\"twitter:data1\" content=\"4 Minuten\" \/>\n<script type=\"application\/ld+json\" class=\"yoast-schema-graph\">{\"@context\":\"https:\/\/schema.org\",\"@graph\":[{\"@type\":\"WebPage\",\"@id\":\"https:\/\/www.thegreenelephant.nl\/de\/meetings-events\/\",\"url\":\"https:\/\/www.thegreenelephant.nl\/de\/meetings-events\/\",\"name\":\"Meetings & Events in Wyck, Maastricht (Niederlande)\",\"isPartOf\":{\"@id\":\"https:\/\/www.thegreenelephant.nl\/de\/#website\"},\"description\":\"Thirty Tree ist der ultimative Veranstaltungsort f\u00fcr unsere G\u00e4ste in der N\u00e4he von The Green Elephant in Wyck, Maastricht (Niederlande). Einen Katzensprung vom Busbahnhof und dem Bahnhof von Maastricht entfernt. Thirty Tree ist ein Raum von LBG Spaces von LBG Hotels, der Hotelgruppe, zu der auch The Green Elephant geh\u00f6rt.\",\"breadcrumb\":{\"@id\":\"https:\/\/www.thegreenelephant.nl\/de\/meetings-events\/#breadcrumb\"},\"inLanguage\":\"de-DE\",\"potentialAction\":[{\"@type\":\"ReadAction\",\"target\":[\"https:\/\/www.thegreenelephant.nl\/de\/meetings-events\/\"]}]},{\"@type\":\"BreadcrumbList\",\"@id\":\"https:\/\/www.thegreenelephant.nl\/de\/meetings-events\/#breadcrumb\",\"itemListElement\":[{\"@type\":\"ListItem\",\"position\":1,\"name\":\"Home\",\"item\":\"https:\/\/www.thegreenelephant.nl\/de\/\"},{\"@type\":\"ListItem\",\"position\":2,\"name\":\"Services &#038; Einrichtungen\",\"item\":\"https:\/\/www.thegreenelephant.nl\/de\/services\/\"},{\"@type\":\"ListItem\",\"position\":3,\"name\":\"MEETINGS &#038; EVENTS\"}]},{\"@type\":\"WebSite\",\"@id\":\"https:\/\/www.thegreenelephant.nl\/de\/#website\",\"url\":\"https:\/\/www.thegreenelephant.nl\/de\/\",\"name\":\"The Green Elephant Hotel\",\"description\":\"Hotel in Maastricht\",\"potentialAction\":[{\"@type\":\"SearchAction\",\"target\":{\"@type\":\"EntryPoint\",\"urlTemplate\":\"https:\/\/www.thegreenelephant.nl\/de\/?s={search_term_string}\"},\"query-input\":{\"@type\":\"PropertyValueSpecification\",\"valueRequired\":true,\"valueName\":\"search_term_string\"}}],\"inLanguage\":\"de-DE\"}]}<\/script>\n<!-- \/ Yoast SEO plugin. -->","yoast_head_json":{"title":"Meetings & Events in Wyck, Maastricht (Niederlande)","description":"Thirty Tree ist der ultimative Veranstaltungsort f\u00fcr unsere G\u00e4ste in der N\u00e4he von The Green Elephant in Wyck, Maastricht (Niederlande). Einen Katzensprung vom Busbahnhof und dem Bahnhof von Maastricht entfernt. Thirty Tree ist ein Raum von LBG Spaces von LBG Hotels, der Hotelgruppe, zu der auch The Green Elephant geh\u00f6rt.","robots":{"index":"index","follow":"follow","max-snippet":"max-snippet:-1","max-image-preview":"max-image-preview:large","max-video-preview":"max-video-preview:-1"},"canonical":"https:\/\/www.thegreenelephant.nl\/de\/meetings-events","og_locale":"de_DE","og_type":"article","og_title":"Meetings & Events in Wyck, Maastricht (Niederlande)","og_description":"Thirty Tree ist der ultimative Veranstaltungsort f\u00fcr unsere G\u00e4ste in der N\u00e4he von The Green Elephant in Wyck, Maastricht (Niederlande). Einen Katzensprung vom Busbahnhof und dem Bahnhof von Maastricht entfernt. Thirty Tree ist ein Raum von LBG Spaces von LBG Hotels, der Hotelgruppe, zu der auch The Green Elephant geh\u00f6rt.","og_url":"https:\/\/www.thegreenelephant.nl\/de\/meetings-events","og_site_name":"The Green Elephant Hotel","twitter_card":"summary_large_image","twitter_misc":{"Gesch\u00e4tzte Lesezeit":"4 Minuten"},"schema":{"@context":"https:\/\/schema.org","@graph":[{"@type":"WebPage","@id":"https:\/\/www.thegreenelephant.nl\/de\/meetings-events\/","url":"https:\/\/www.thegreenelephant.nl\/de\/meetings-events\/","name":"Meetings & Events in Wyck, Maastricht (Niederlande)","isPartOf":{"@id":"https:\/\/www.thegreenelephant.nl\/de\/#website"},"description":"Thirty Tree ist der ultimative Veranstaltungsort f\u00fcr unsere G\u00e4ste in der N\u00e4he von The Green Elephant in Wyck, Maastricht (Niederlande). Einen Katzensprung vom Busbahnhof und dem Bahnhof von Maastricht entfernt. Thirty Tree ist ein Raum von LBG Spaces von LBG Hotels, der Hotelgruppe, zu der auch The Green Elephant geh\u00f6rt.","breadcrumb":{"@id":"https:\/\/www.thegreenelephant.nl\/de\/meetings-events\/#breadcrumb"},"inLanguage":"de-DE","potentialAction":[{"@type":"ReadAction","target":["https:\/\/www.thegreenelephant.nl\/de\/meetings-events\/"]}]},{"@type":"BreadcrumbList","@id":"https:\/\/www.thegreenelephant.nl\/de\/meetings-events\/#breadcrumb","itemListElement":[{"@type":"ListItem","position":1,"name":"Home","item":"https:\/\/www.thegreenelephant.nl\/de\/"},{"@type":"ListItem","position":2,"name":"Services &#038; Einrichtungen","item":"https:\/\/www.thegreenelephant.nl\/de\/services\/"},{"@type":"ListItem","position":3,"name":"MEETINGS &#038; EVENTS"}]},{"@type":"WebSite","@id":"https:\/\/www.thegreenelephant.nl\/de\/#website","url":"https:\/\/www.thegreenelephant.nl\/de\/","name":"The Green Elephant Hotel","description":"Hotel in Maastricht","potentialAction":[{"@type":"SearchAction","target":{"@type":"EntryPoint","urlTemplate":"https:\/\/www.thegreenelephant.nl\/de\/?s={search_term_string}"},"query-input":{"@type":"PropertyValueSpecification","valueRequired":true,"valueName":"search_term_string"}}],"inLanguage":"de-DE"}]}},"_links":{"self":[{"href":"https:\/\/www.thegreenelephant.nl\/de\/wp-json\/wp\/v2\/pages\/5966","targetHints":{"allow":["GET"]}}],"collection":[{"href":"https:\/\/www.thegreenelephant.nl\/de\/wp-json\/wp\/v2\/pages"}],"about":[{"href":"https:\/\/www.thegreenelephant.nl\/de\/wp-json\/wp\/v2\/types\/page"}],"author":[{"embeddable":true,"href":"https:\/\/www.thegreenelephant.nl\/de\/wp-json\/wp\/v2\/users\/12"}],"replies":[{"embeddable":true,"href":"https:\/\/www.thegreenelephant.nl\/de\/wp-json\/wp\/v2\/comments?post=5966"}],"version-history":[{"count":0,"href":"https:\/\/www.thegreenelephant.nl\/de\/wp-json\/wp\/v2\/pages\/5966\/revisions"}],"up":[{"embeddable":true,"href":"https:\/\/www.thegreenelephant.nl\/de\/wp-json\/wp\/v2\/pages\/5970"}],"wp:attachment":[{"href":"https:\/\/www.thegreenelephant.nl\/de\/wp-json\/wp\/v2\/media?parent=5966"}],"curies":[{"name":"wp","href":"https:\/\/api.w.org\/{rel}","templated":true}]}}