{"id":5973,"date":"2022-10-21T11:12:25","date_gmt":"2022-10-21T11:12:25","guid":{"rendered":"https:\/\/www.thegreenelephant.nl\/?page_id=5973"},"modified":"2022-11-04T11:43:33","modified_gmt":"2022-11-04T11:43:33","slug":"datenschutz","status":"publish","type":"page","link":"https:\/\/www.thegreenelephant.nl\/de\/datenschutz\/","title":{"rendered":"Erkl\u00e4rung zum Datenschutz"},"content":{"rendered":"<div class=\"fusion-fullwidth fullwidth-box fusion-builder-row-1 fusion-flex-container nonhundred-percent-fullwidth non-hundred-percent-height-scrolling\" style=\"--awb-border-radius-top-left:0px;--awb-border-radius-top-right:0px;--awb-border-radius-bottom-right:0px;--awb-border-radius-bottom-left:0px;--awb-flex-wrap:wrap;\" ><div class=\"fusion-builder-row fusion-row fusion-flex-align-items-flex-start fusion-flex-content-wrap\" style=\"max-width:1456px;margin-left: calc(-4% \/ 2 );margin-right: calc(-4% \/ 2 );\"><div class=\"fusion-layout-column fusion_builder_column fusion-builder-column-0 fusion_builder_column_1_1 1_1 fusion-flex-column\" style=\"--awb-bg-size:cover;--awb-width-large:100%;--awb-margin-top-large:0px;--awb-spacing-right-large:1.92%;--awb-margin-bottom-large:0px;--awb-spacing-left-large:1.92%;--awb-width-medium:100%;--awb-spacing-right-medium:1.92%;--awb-spacing-left-medium:1.92%;--awb-width-small:100%;--awb-spacing-right-small:1.92%;--awb-spacing-left-small:1.92%;\"><div class=\"fusion-column-wrapper fusion-flex-justify-content-flex-start fusion-content-layout-column\"><div class=\"fusion-text fusion-text-1\"><p>Diese Datenschutzrichtlinie enth\u00e4lt Informationen dar\u00fcber, wie The Green Elephant Hostels B.V. (im Folgenden &#8218;THE GREEN ELEPHANT&#8216; genannt) mit den personenbezogenen Daten umgeht, die Sie THE GREEN ELEPHANT zur Verf\u00fcgung stellen. In dieser Datenschutzerkl\u00e4rung wird erl\u00e4utert, welche Partei der Controller (Verantwortliche) im Sinne des niederl\u00e4ndischen Gesetzes zum Schutz personenbezogener Daten ist, welche personenbezogenen Daten von Ihnen als Kunde und\/oder Organisation erhoben werden und f\u00fcr welche Zwecke diese personenbezogenen Daten erhoben werden. Au\u00dferdem werden Sie dar\u00fcber informiert, wie lange Ihre personenbezogenen Daten gespeichert werden, welche Rechte Sie in diesem Zusammenhang haben und wie Sie diese Rechte aus\u00fcben k\u00f6nnen.<\/p>\n<p>THE GREEN ELEPHANT respektiert die Privatsph\u00e4re der Besucher der Website, der Empf\u00e4nger des Newsletters und anderer betroffener Personen. Wir stellen sicher, dass die pers\u00f6nlichen Daten, die Sie uns zur Verf\u00fcgung stellen, vertraulich behandelt werden. Die Verarbeitung personenbezogener Daten erfolgt in \u00dcbereinstimmung mit den Anforderungen des Gesetzes zum Schutz personenbezogener Daten und der Allgemeinen Datenschutzverordnung (GDPR). Wir verkaufen niemals personenbezogene Daten an Dritte.<\/p>\n<p><strong>Die personenbezogenen Daten, die wir verarbeiten:<\/strong><\/p>\n<p>THE GREEN ELEPHANT verarbeitet Ihre personenbezogenen Daten, wenn Sie unsere Dienste in Anspruch nehmen und\/oder wenn Sie uns diese Daten selbst zur Verf\u00fcgung stellen. Im Folgenden finden Sie eine Liste der Arten von personenbezogenen Daten, die wir verarbeiten:<\/p>\n<ul>\n<li>Vorname, Nachname, Geschlecht, Geburtsdatum, Geburtsort;<\/li>\n<li>Anschrift, Telefonnummer, E-Mail Adresse;<\/li>\n<li>Sonstige personenbezogene Daten, die Sie uns selbst zur Verf\u00fcgung stellen, z. B. durch Korrespondenz oder per Telefon.<\/li>\n<\/ul>\n<p><strong>Daten \u00fcber Ihre Aktivit\u00e4ten auf unserer Website:<\/strong><\/p>\n<p>Besondere Kategorien von personenbezogenen Daten und\/oder sensible personenbezogene Daten, die wir verarbeiten:<\/p>\n<p>Unsere Website und\/oder Dienste haben nicht die Absicht, Daten \u00fcber Website-Besucher unter 16 Jahren zu sammeln, es sei denn, sie haben die Erlaubnis ihrer Eltern oder Erziehungsberechtigten. Wir sind jedoch nicht in der Lage zu \u00fcberpr\u00fcfen, ob die Besucher \u00fcber 16 Jahre alt sind. Wir empfehlen Eltern oder Erziehungsberechtigten, die Online-Aktivit\u00e4ten ihrer Kinder zu \u00fcberwachen, um zu verhindern, dass die Daten ihrer Kinder ohne die Zustimmung der Eltern oder Erziehungsberechtigten erfasst werden. Wenn Sie als Elternteil oder Erziehungsberechtigter Grund zu der Annahme haben, dass wir die Daten einer Person unter 16 Jahren ohne eine solche Erlaubnis gesammelt haben, wenden Sie sich bitte an info@thegreenelephant.nl, und wir werden die betreffenden Daten dann l\u00f6schen.<\/p>\n<p><strong>Warum wir Ihre pers\u00f6nlichen Daten ben\u00f6tigen:<\/strong><\/p>\n<p>THE GREEN ELEPHANT verarbeitet die oben genannten personenbezogenen Daten f\u00fcr die folgenden Zwecke:<\/p>\n<ul>\n<li>Um Ihre Zahlung zu bearbeiten;<\/li>\n<li>Um unseren Newsletter und\/oder Werbung zu versenden;<\/li>\n<li>Um Sie anzurufen, wenn dies f\u00fcr die Erbringung unserer Dienstleistung erforderlich ist;<\/li>\n<li>Um Sie \u00fcber \u00c4nderungen an unseren Dienstleistungen und Produkten zu informieren;<\/li>\n<li>THE GREEN ELEPHANT analysiert Ihr Verhalten auf der Website, um unsere Website zu verbessern und unser Angebot an Produkten und Dienstleistungen an Ihre Pr\u00e4ferenzen anzupassen.<\/li>\n<\/ul>\n<p>THE GREEN ELEPHANT verarbeitet auch personenbezogene Daten, wenn wir dazu gesetzlich verpflichtet sind. Dazu geh\u00f6ren Daten, die wir f\u00fcr unsere Steuererkl\u00e4rung und unser Nachtregister ben\u00f6tigen. Wie lange wir personenbezogene Daten aufbewahren:<\/p>\n<p>THE GREEN ELEPHANT bewahrt Ihre personenbezogenen Daten nicht l\u00e4nger auf, als es f\u00fcr die Zwecke, f\u00fcr die sie erhoben wurden, unbedingt erforderlich ist.<\/p>\n<p><strong>Im Folgenden wird beschrieben, zu welchem Zweck THE GREEN ELEPHANT die erhobenen personenbezogenen Daten verwendet.<\/strong><\/p>\n<p>Diese Beschreibung enth\u00e4lt auch den Zeitraum, f\u00fcr den diese personenbezogenen Daten aufbewahrt werden und den Grund daf\u00fcr.<\/p>\n<p><strong>F\u00fcr die Zwecke der Website: Ein Jahr\/zw\u00f6lf Monate.<\/strong><\/p>\n<p>Warum wir diese personenbezogenen Daten sammeln: Um das Angebot auf der Website zu optimieren und um sicherzustellen, dass dieses Angebot auf die G\u00e4ste und Besucher der Website ausgerichtet ist.<br \/>\nWarum wir die personenbezogenen Daten f\u00fcr diesen Zeitraum aufbewahren: Wir halten diese Frist f\u00fcr angemessen, da es wahrscheinlich ist, dass der Besucher die Website innerhalb eines Jahres mehrmals besucht.<\/p>\n<p><strong>F\u00fcr die Zwecke von Newslettern:<\/strong> Drei Jahre\/36 Monate.<\/p>\n<p>Warum wir diese personenbezogenen Daten sammeln: Um Sie \u00fcber Entwicklungen, Neuigkeiten und Sonderangebote zu informieren.<br \/>\nWarum wir die personenbezogenen Daten f\u00fcr diesen Zeitraum aufbewahren: Wir halten diesen Zeitraum f\u00fcr angemessen, da Sie w\u00e4hrend dieses Zeitraums wahrscheinlich Newsletter erhalten m\u00f6chten.<\/p>\n<p><strong>Zum Zweck von Offline-Buchungsbest\u00e4tigungen:<\/strong> Drei Jahre\/36 Monate.<\/p>\n<p>Warum wir diese personenbezogenen Daten sammeln: Um die notwendige Kommunikation \u00fcber Ihren Aufenthalt, Ihren Besuch oder die Kontaktaufnahme bez\u00fcglich Ihrer Buchung zu gew\u00e4hrleisten.<br \/>\nWarum wir die personenbezogenen Daten f\u00fcr diesen Zeitraum aufbewahren: Wir halten diesen Zeitraum f\u00fcr angemessen, da es wahrscheinlich ist, dass Sie uns w\u00e4hrend dieses Zeitraums mehr als einmal besuchen werden.<\/p>\n<p><strong>Zum Zwecke der Buchungsbest\u00e4tigung auf unserer eigenen Website:<\/strong> 30 Tage.<\/p>\n<p>Warum wir diese personenbezogenen Daten erheben: Bei Buchungen speichern wir vor\u00fcbergehend personenbezogene Daten. Dazu geh\u00f6ren alle Angaben auf dem Formular, Vorname, Nachname, verwendete Zahlungsmethode, Adresse usw.<br \/>\nWarum wir die personenbezogenen Daten f\u00fcr diesen Zeitraum aufbewahren: Wir halten diese Frist f\u00fcr angemessen, da wir nach dem Versuch, eine Buchung vorzunehmen, oder im Falle einer fehlgeschlagenen Buchung die Einzelheiten der Buchungen wiederherstellen m\u00fcssen.<\/p>\n<p><strong>F\u00fcr die Zwecke des Nachtregisters<\/strong>: Sieben Jahre\/84 Monate.<\/p>\n<p>Warum wir diese personenbezogenen Daten erheben: F\u00fcr die Zwecke unserer Kurtaxeerkl\u00e4rung. Im Zusammenhang mit einer eventuellen Pr\u00fcfung der Kurtaxe durch die Steuerbeh\u00f6rden werden wir die G\u00e4steverwaltung sieben Jahre lang aufbewahren.<br \/>\nWarum wir die personenbezogenen Daten f\u00fcr diesen Zeitraum aufbewahren: Dieser Zeitraum ist gesetzlich vorgeschrieben.<\/p>\n<p><strong>Weitergabe personenbezogener Daten an Dritte<\/strong><\/p>\n<p>THE GREEN ELEPHANT verkauft Ihre personenbezogenen Daten nicht an Dritte und gibt sie nur weiter, wenn dies zur Durchf\u00fchrung unseres Vertrags oder zur Erf\u00fcllung einer gesetzlichen Verpflichtung erforderlich ist. Wir schlie\u00dfen mit den Unternehmen, die Ihre Daten f\u00fcr uns verarbeiten, einen Verarbeitungsvertrag ab, um das gleiche Ma\u00df an Sicherheit und Vertraulichkeit Ihrer Daten zu gew\u00e4hrleisten. THE GREEN ELEPHANT bleibt letztendlich f\u00fcr diese Verarbeitung verantwortlich.<\/p>\n<p><strong>Von uns verwendete Cookies oder \u00e4hnliche Technologien<\/strong><\/p>\n<p>THE GREEN ELEPHANT verwendet funktionale, analytische und Tracking-Cookies. Ein Cookie ist eine kleine Textdatei, die im Browser Ihres Computers, Tablets oder Smartphones gespeichert wird, wenn Sie unsere Website zum ersten Mal besuchen. THE GREEN ELEPHANT verwendet nur Cookies mit einer technischen Funktion. Sie stellen sicher, dass die Website so funktioniert, wie sie soll, und dass die Website sich Details wie Ihre bevorzugten Einstellungen merkt. Diese Cookies werden auch verwendet, um die Website zu optimieren und um sicherzustellen, dass sie ordnungsgem\u00e4\u00df funktioniert. Dar\u00fcber hinaus platzieren wir Cookies, die Ihr Surfverhalten verfolgen, damit wir Ihnen ma\u00dfgeschneiderte Inhalte und Werbung anbieten k\u00f6nnen. Als Sie unsere Website zum ersten Mal besuchten, haben wir Sie bereits \u00fcber diese Cookies informiert und Sie um Ihre Erlaubnis gebeten, sie zu setzen. Sie k\u00f6nnen sich von den Cookies abmelden, indem Sie Ihren Internetbrowser so einstellen, dass er keine Cookies mehr speichert. Dar\u00fcber hinaus k\u00f6nnen Sie auch alle zuvor in Ihren Browsereinstellungen gespeicherten Informationen l\u00f6schen. F\u00fcr weitere Informationen siehe: http:\/\/www.allaboutcookies.org. Die IP-Adressen werden in \u00dcbereinstimmung mit der GDPR anonymisiert.<\/p>\n<p><strong>Zugriff, Berichtigung oder L\u00f6schung personenbezogener Daten<\/strong><\/p>\n<p>Sie haben das Recht, Ihre personenbezogenen Daten einzusehen, zu berichtigen oder zu l\u00f6schen. Sie k\u00f6nnen Ihren Antrag auf Auskunft, Berichtigung oder L\u00f6schung Ihrer personenbezogenen Daten an info@thegreenelephant.nl senden. Um sicherzustellen, dass der Antrag auf Zugang tats\u00e4chlich von Ihnen gestellt wird, bitten wir Sie, Ihrem Antrag eine Kopie Ihres Ausweises beizuf\u00fcgen. Wir bitten Sie, Ihr Foto und (falls zutreffend) die B\u00fcrgerservicenummer (BSN) in dieser Kopie zu schw\u00e4rzen, um Ihre Privatsph\u00e4re zu sch\u00fctzen. THE GREEN ELEPHANT wird Ihren Antrag so schnell wie m\u00f6glich innerhalb von vier Wochen beantworten.<\/p>\n<p><strong>Sicherheit<\/strong><\/p>\n<p>THE GREEN ELEPHANT nimmt den Schutz Ihrer Daten ernst und ergreift geeignete Ma\u00dfnahmen, um Missbrauch, Verlust, unbefugten Zugriff, unerw\u00fcnschte Offenlegung und unbefugte \u00c4nderung zu verhindern. Wenn Sie glauben, dass Ihre Daten nicht sicher sind oder es Anzeichen f\u00fcr einen Missbrauch gibt, wenden Sie sich bitte an unsere Rezeption oder senden Sie eine E-Mail an info@thegreenelephant.nl.<\/p>\n<\/div><\/div><\/div><\/div><\/div>\n","protected":false},"excerpt":{"rendered":"","protected":false},"author":12,"featured_media":0,"parent":0,"menu_order":0,"comment_status":"closed","ping_status":"closed","template":"","meta":{"footnotes":""},"class_list":["post-5973","page","type-page","status-publish","hentry"],"yoast_head":"<!-- This site is optimized with the Yoast SEO plugin v27.2 - https:\/\/yoast.com\/product\/yoast-seo-wordpress\/ -->\n<title>Datenschutzerkl\u00e4rung - The Green Elephant Hostel Maastricht - LBG Hotels<\/title>\n<meta name=\"description\" content=\"Das Green Elephant Hostel ist Teil der La Berg\u00e8re Hospitality Group BV. Diese Datenschutzerkl\u00e4rung enth\u00e4lt Informationen dar\u00fcber, wie LBG mit Ihren pers\u00f6nlichen Daten umgeht. Buchen Sie The Green Elephant Hostel in Maastricht (Niederlande) jetzt! - Offizielle Website\" \/>\n<meta name=\"robots\" content=\"index, follow, max-snippet:-1, max-image-preview:large, max-video-preview:-1\" \/>\n<link rel=\"canonical\" href=\"https:\/\/www.thegreenelephant.nl\/de\/datenschutz\" \/>\n<meta property=\"og:locale\" content=\"de_DE\" \/>\n<meta property=\"og:type\" content=\"article\" \/>\n<meta property=\"og:title\" content=\"Datenschutzerkl\u00e4rung - The Green Elephant Hostel Maastricht - LBG Hotels\" \/>\n<meta property=\"og:description\" content=\"Das Green Elephant Hostel ist Teil der La Berg\u00e8re Hospitality Group BV. Diese Datenschutzerkl\u00e4rung enth\u00e4lt Informationen dar\u00fcber, wie LBG mit Ihren pers\u00f6nlichen Daten umgeht. Buchen Sie The Green Elephant Hostel in Maastricht (Niederlande) jetzt! - Offizielle Website\" \/>\n<meta property=\"og:url\" content=\"https:\/\/www.thegreenelephant.nl\/de\/datenschutz\" \/>\n<meta property=\"og:site_name\" content=\"The Green Elephant Hotel\" \/>\n<meta name=\"twitter:card\" content=\"summary_large_image\" \/>\n<script type=\"application\/ld+json\" class=\"yoast-schema-graph\">{\"@context\":\"https:\/\/schema.org\",\"@graph\":[{\"@type\":\"WebPage\",\"@id\":\"https:\/\/www.thegreenelephant.nl\/de\/datenschutz\/\",\"url\":\"https:\/\/www.thegreenelephant.nl\/de\/datenschutz\/\",\"name\":\"Datenschutzerkl\u00e4rung - The Green Elephant Hostel Maastricht - LBG Hotels\",\"isPartOf\":{\"@id\":\"https:\/\/www.thegreenelephant.nl\/de\/#website\"},\"description\":\"Das Green Elephant Hostel ist Teil der La Berg\u00e8re Hospitality Group BV. Diese Datenschutzerkl\u00e4rung enth\u00e4lt Informationen dar\u00fcber, wie LBG mit Ihren pers\u00f6nlichen Daten umgeht. Buchen Sie The Green Elephant Hostel in Maastricht (Niederlande) jetzt! - Offizielle Website\",\"breadcrumb\":{\"@id\":\"https:\/\/www.thegreenelephant.nl\/de\/datenschutz\/#breadcrumb\"},\"inLanguage\":\"de-DE\",\"potentialAction\":[{\"@type\":\"ReadAction\",\"target\":[\"https:\/\/www.thegreenelephant.nl\/de\/datenschutz\/\"]}]},{\"@type\":\"BreadcrumbList\",\"@id\":\"https:\/\/www.thegreenelephant.nl\/de\/datenschutz\/#breadcrumb\",\"itemListElement\":[{\"@type\":\"ListItem\",\"position\":1,\"name\":\"Home\",\"item\":\"https:\/\/www.thegreenelephant.nl\/de\/\"},{\"@type\":\"ListItem\",\"position\":2,\"name\":\"Erkl\u00e4rung zum Datenschutz\"}]},{\"@type\":\"WebSite\",\"@id\":\"https:\/\/www.thegreenelephant.nl\/de\/#website\",\"url\":\"https:\/\/www.thegreenelephant.nl\/de\/\",\"name\":\"The Green Elephant Hotel\",\"description\":\"Hotel in Maastricht\",\"potentialAction\":[{\"@type\":\"SearchAction\",\"target\":{\"@type\":\"EntryPoint\",\"urlTemplate\":\"https:\/\/www.thegreenelephant.nl\/de\/?s={search_term_string}\"},\"query-input\":{\"@type\":\"PropertyValueSpecification\",\"valueRequired\":true,\"valueName\":\"search_term_string\"}}],\"inLanguage\":\"de-DE\"}]}<\/script>\n<!-- \/ Yoast SEO plugin. -->","yoast_head_json":{"title":"Datenschutzerkl\u00e4rung - The Green Elephant Hostel Maastricht - LBG Hotels","description":"Das Green Elephant Hostel ist Teil der La Berg\u00e8re Hospitality Group BV. Diese Datenschutzerkl\u00e4rung enth\u00e4lt Informationen dar\u00fcber, wie LBG mit Ihren pers\u00f6nlichen Daten umgeht. Buchen Sie The Green Elephant Hostel in Maastricht (Niederlande) jetzt! - Offizielle Website","robots":{"index":"index","follow":"follow","max-snippet":"max-snippet:-1","max-image-preview":"max-image-preview:large","max-video-preview":"max-video-preview:-1"},"canonical":"https:\/\/www.thegreenelephant.nl\/de\/datenschutz","og_locale":"de_DE","og_type":"article","og_title":"Datenschutzerkl\u00e4rung - The Green Elephant Hostel Maastricht - LBG Hotels","og_description":"Das Green Elephant Hostel ist Teil der La Berg\u00e8re Hospitality Group BV. Diese Datenschutzerkl\u00e4rung enth\u00e4lt Informationen dar\u00fcber, wie LBG mit Ihren pers\u00f6nlichen Daten umgeht. Buchen Sie The Green Elephant Hostel in Maastricht (Niederlande) jetzt! - Offizielle Website","og_url":"https:\/\/www.thegreenelephant.nl\/de\/datenschutz","og_site_name":"The Green Elephant Hotel","twitter_card":"summary_large_image","schema":{"@context":"https:\/\/schema.org","@graph":[{"@type":"WebPage","@id":"https:\/\/www.thegreenelephant.nl\/de\/datenschutz\/","url":"https:\/\/www.thegreenelephant.nl\/de\/datenschutz\/","name":"Datenschutzerkl\u00e4rung - The Green Elephant Hostel Maastricht - LBG Hotels","isPartOf":{"@id":"https:\/\/www.thegreenelephant.nl\/de\/#website"},"description":"Das Green Elephant Hostel ist Teil der La Berg\u00e8re Hospitality Group BV. Diese Datenschutzerkl\u00e4rung enth\u00e4lt Informationen dar\u00fcber, wie LBG mit Ihren pers\u00f6nlichen Daten umgeht. Buchen Sie The Green Elephant Hostel in Maastricht (Niederlande) jetzt! - Offizielle Website","breadcrumb":{"@id":"https:\/\/www.thegreenelephant.nl\/de\/datenschutz\/#breadcrumb"},"inLanguage":"de-DE","potentialAction":[{"@type":"ReadAction","target":["https:\/\/www.thegreenelephant.nl\/de\/datenschutz\/"]}]},{"@type":"BreadcrumbList","@id":"https:\/\/www.thegreenelephant.nl\/de\/datenschutz\/#breadcrumb","itemListElement":[{"@type":"ListItem","position":1,"name":"Home","item":"https:\/\/www.thegreenelephant.nl\/de\/"},{"@type":"ListItem","position":2,"name":"Erkl\u00e4rung zum Datenschutz"}]},{"@type":"WebSite","@id":"https:\/\/www.thegreenelephant.nl\/de\/#website","url":"https:\/\/www.thegreenelephant.nl\/de\/","name":"The Green Elephant Hotel","description":"Hotel in Maastricht","potentialAction":[{"@type":"SearchAction","target":{"@type":"EntryPoint","urlTemplate":"https:\/\/www.thegreenelephant.nl\/de\/?s={search_term_string}"},"query-input":{"@type":"PropertyValueSpecification","valueRequired":true,"valueName":"search_term_string"}}],"inLanguage":"de-DE"}]}},"_links":{"self":[{"href":"https:\/\/www.thegreenelephant.nl\/de\/wp-json\/wp\/v2\/pages\/5973","targetHints":{"allow":["GET"]}}],"collection":[{"href":"https:\/\/www.thegreenelephant.nl\/de\/wp-json\/wp\/v2\/pages"}],"about":[{"href":"https:\/\/www.thegreenelephant.nl\/de\/wp-json\/wp\/v2\/types\/page"}],"author":[{"embeddable":true,"href":"https:\/\/www.thegreenelephant.nl\/de\/wp-json\/wp\/v2\/users\/12"}],"replies":[{"embeddable":true,"href":"https:\/\/www.thegreenelephant.nl\/de\/wp-json\/wp\/v2\/comments?post=5973"}],"version-history":[{"count":0,"href":"https:\/\/www.thegreenelephant.nl\/de\/wp-json\/wp\/v2\/pages\/5973\/revisions"}],"wp:attachment":[{"href":"https:\/\/www.thegreenelephant.nl\/de\/wp-json\/wp\/v2\/media?parent=5973"}],"curies":[{"name":"wp","href":"https:\/\/api.w.org\/{rel}","templated":true}]}}