{"id":5975,"date":"2022-10-21T13:41:25","date_gmt":"2022-10-21T13:41:25","guid":{"rendered":"https:\/\/www.thegreenelephant.nl\/?page_id=5975"},"modified":"2022-11-03T15:50:34","modified_gmt":"2022-11-03T15:50:34","slug":"parken","status":"publish","type":"page","link":"https:\/\/www.thegreenelephant.nl\/de\/services\/parken\/","title":{"rendered":"Parken vor dem Hotel in Maastricht"},"content":{"rendered":"<div class=\"fusion-fullwidth fullwidth-box fusion-builder-row-1 fusion-flex-container nonhundred-percent-fullwidth non-hundred-percent-height-scrolling\" style=\"--awb-border-radius-top-left:0px;--awb-border-radius-top-right:0px;--awb-border-radius-bottom-right:0px;--awb-border-radius-bottom-left:0px;--awb-flex-wrap:wrap;\" ><div class=\"fusion-builder-row fusion-row fusion-flex-align-items-flex-start fusion-flex-content-wrap\" style=\"max-width:1456px;margin-left: calc(-4% \/ 2 );margin-right: calc(-4% \/ 2 );\"><div class=\"fusion-layout-column fusion_builder_column fusion-builder-column-0 fusion_builder_column_1_2 1_2 fusion-flex-column\" style=\"--awb-bg-size:cover;--awb-width-large:50%;--awb-margin-top-large:0px;--awb-spacing-right-large:3.84%;--awb-margin-bottom-large:20px;--awb-spacing-left-large:3.84%;--awb-width-medium:100%;--awb-spacing-right-medium:1.92%;--awb-spacing-left-medium:1.92%;--awb-width-small:100%;--awb-spacing-right-small:1.92%;--awb-spacing-left-small:1.92%;\"><div class=\"fusion-column-wrapper fusion-flex-justify-content-flex-start fusion-content-layout-column\"><div class=\"fusion-separator fusion-full-width-sep\" style=\"align-self: center;margin-left: auto;margin-right: auto;margin-top:10px;width:100%;\"><\/div><script type='text\/javascript' src='\/maps-parking-route.js'><\/script>\n\n<script async defer src=\"https:\/\/maps.googleapis.com\/maps\/api\/js?key=AIzaSyA_SCynGUNl0Eor7tcbLZe7354KpNmqTpw&callback=initMap\"><\/script>\n\n<div style=\"height:500px; width:100%;\" id=\"map-canvas\"><\/div><\/div><\/div><div class=\"fusion-layout-column fusion_builder_column fusion-builder-column-1 fusion_builder_column_1_2 1_2 fusion-flex-column thtextboxright\" style=\"--awb-bg-size:cover;--awb-width-large:50%;--awb-margin-top-large:0px;--awb-spacing-right-large:3.84%;--awb-margin-bottom-large:20px;--awb-spacing-left-large:3.84%;--awb-width-medium:100%;--awb-spacing-right-medium:1.92%;--awb-spacing-left-medium:1.92%;--awb-width-small:100%;--awb-spacing-right-small:1.92%;--awb-spacing-left-small:1.92%;\"><div class=\"fusion-column-wrapper fusion-flex-justify-content-flex-start fusion-content-layout-column\"><div class=\"fusion-title title fusion-title-1 fusion-sep-none fusion-title-text fusion-title-size-one\"><h1 class=\"fusion-title-heading title-heading-left\" style=\"margin:0;\">G\u00fcnstiges Parken f\u00fcr G\u00e4ste des Gr\u00fcnen Elefanten<\/h1><\/div><div class=\"fusion-text fusion-text-1\"><p>Sie k\u00f6nnen Ihr Auto im Q-Park P+R Station Maastricht f\u00fcr nur \u20ac 17,- pro 24 Stunden parken, weniger als zwei Minuten Fu\u00dfweg vom Gr\u00fcnen Elefanten entfernt.<\/p>\n<p>Wie funktioniert das?<\/p>\n<ul>\n<li>Parken Sie im Q-Park P+R Maastricht Station, Parallelweg 15, 6221 BD Maastricht (Einfahrtsh\u00f6he 1,90 m).<\/li>\n<li>Um Ihre Ein- und Ausfahrtszeiten zu registrieren, geben Sie bei der Einfahrt in das Parkhaus Ihre Debit- oder Kreditkarte in den Automaten ein. Sie erhalten kein Ausfahrtsticket!<\/li>\n<li>Open de deur van de parkeergarage met het kentekennummer van je auto.<\/li>\n<li>Bezahlen Sie Ihren Parkplatz am Q-Park-Automaten und Sie erhalten ein Ausfahrtsticket.<\/li>\n<li>Wenn Sie l\u00e4nger als (ein Vielfaches von) 24 Stunden geparkt haben, m\u00fcssen Sie einen Zuschlag zahlen. Sie zahlen dann den regul\u00e4ren Tarif.<\/li>\n<\/ul>\n<\/div><\/div><\/div><div class=\"fusion-layout-column fusion_builder_column fusion-builder-column-2 fusion_builder_column_1_1 1_1 fusion-flex-column\" style=\"--awb-bg-size:cover;--awb-width-large:100%;--awb-margin-top-large:0px;--awb-spacing-right-large:1.92%;--awb-margin-bottom-large:20px;--awb-spacing-left-large:1.92%;--awb-width-medium:100%;--awb-spacing-right-medium:1.92%;--awb-spacing-left-medium:1.92%;--awb-width-small:100%;--awb-spacing-right-small:1.92%;--awb-spacing-left-small:1.92%;\"><div class=\"fusion-column-wrapper fusion-flex-justify-content-flex-start fusion-content-layout-column\"><div class=\"fusion-separator\" style=\"align-self: center;margin-left: auto;margin-right: auto;margin-top:40px;margin-bottom:40px;width:100%;max-width:50%;\"><div class=\"fusion-separator-border sep-single sep-solid\" style=\"--awb-height:20px;--awb-amount:20px;border-color:var(--awb-color3);border-top-width:1px;\"><\/div><\/div><\/div><\/div><\/div><\/div>\n","protected":false},"excerpt":{"rendered":"","protected":false},"author":12,"featured_media":0,"parent":5970,"menu_order":0,"comment_status":"closed","ping_status":"closed","template":"","meta":{"footnotes":""},"class_list":["post-5975","page","type-page","status-publish","hentry"],"yoast_head":"<!-- This site is optimized with the Yoast SEO plugin v27.4 - https:\/\/yoast.com\/product\/yoast-seo-wordpress\/ -->\n<title>Parken im Hotel The Green Elephant in Maastricht<\/title>\n<meta name=\"description\" content=\"Sie k\u00f6nnen Ihr Auto im Q Park P R Bahnhof Maastricht f\u00fcr nur 14 Euro f\u00fcr 24 Stunden parken. Der Parkplatz befindet sich in der N\u00e4he des Hotels The Green Elephant in Maastricht.\" \/>\n<meta name=\"robots\" content=\"index, follow, max-snippet:-1, max-image-preview:large, max-video-preview:-1\" \/>\n<link rel=\"canonical\" href=\"https:\/\/www.thegreenelephant.nl\/de\/services\/parken\" \/>\n<meta property=\"og:locale\" content=\"de_DE\" \/>\n<meta property=\"og:type\" content=\"article\" \/>\n<meta property=\"og:title\" content=\"Parken im Hotel The Green Elephant in Maastricht\" \/>\n<meta property=\"og:description\" content=\"Sie k\u00f6nnen Ihr Auto im Q Park P R Bahnhof Maastricht f\u00fcr nur 14 Euro f\u00fcr 24 Stunden parken. Der Parkplatz befindet sich in der N\u00e4he des Hotels The Green Elephant in Maastricht.\" \/>\n<meta property=\"og:url\" content=\"https:\/\/www.thegreenelephant.nl\/de\/services\/parken\" \/>\n<meta property=\"og:site_name\" content=\"The Green Elephant Hotel\" \/>\n<meta name=\"twitter:card\" content=\"summary_large_image\" \/>\n<meta name=\"twitter:label1\" content=\"Gesch\u00e4tzte Lesezeit\" \/>\n\t<meta name=\"twitter:data1\" content=\"2 Minuten\" \/>\n<script type=\"application\/ld+json\" class=\"yoast-schema-graph\">{\"@context\":\"https:\\\/\\\/schema.org\",\"@graph\":[{\"@type\":\"WebPage\",\"@id\":\"https:\\\/\\\/www.thegreenelephant.nl\\\/de\\\/services\\\/parken\\\/\",\"url\":\"https:\\\/\\\/www.thegreenelephant.nl\\\/de\\\/services\\\/parken\\\/\",\"name\":\"Parken im Hotel The Green Elephant in Maastricht\",\"isPartOf\":{\"@id\":\"https:\\\/\\\/www.thegreenelephant.nl\\\/de\\\/#website\"},\"description\":\"Sie k\u00f6nnen Ihr Auto im Q Park P R Bahnhof Maastricht f\u00fcr nur 14 Euro f\u00fcr 24 Stunden parken. Der Parkplatz befindet sich in der N\u00e4he des Hotels The Green Elephant in Maastricht.\",\"breadcrumb\":{\"@id\":\"https:\\\/\\\/www.thegreenelephant.nl\\\/de\\\/services\\\/parken\\\/#breadcrumb\"},\"inLanguage\":\"de-DE\",\"potentialAction\":[{\"@type\":\"ReadAction\",\"target\":[\"https:\\\/\\\/www.thegreenelephant.nl\\\/de\\\/services\\\/parken\\\/\"]}]},{\"@type\":\"BreadcrumbList\",\"@id\":\"https:\\\/\\\/www.thegreenelephant.nl\\\/de\\\/services\\\/parken\\\/#breadcrumb\",\"itemListElement\":[{\"@type\":\"ListItem\",\"position\":1,\"name\":\"Home\",\"item\":\"https:\\\/\\\/www.thegreenelephant.nl\\\/de\\\/\"},{\"@type\":\"ListItem\",\"position\":2,\"name\":\"Services &#038; Einrichtungen\",\"item\":\"https:\\\/\\\/www.thegreenelephant.nl\\\/de\\\/services\\\/\"},{\"@type\":\"ListItem\",\"position\":3,\"name\":\"Parken vor dem Hotel in Maastricht\"}]},{\"@type\":\"WebSite\",\"@id\":\"https:\\\/\\\/www.thegreenelephant.nl\\\/de\\\/#website\",\"url\":\"https:\\\/\\\/www.thegreenelephant.nl\\\/de\\\/\",\"name\":\"The Green Elephant Hotel\",\"description\":\"Hotel in Maastricht\",\"potentialAction\":[{\"@type\":\"SearchAction\",\"target\":{\"@type\":\"EntryPoint\",\"urlTemplate\":\"https:\\\/\\\/www.thegreenelephant.nl\\\/de\\\/?s={search_term_string}\"},\"query-input\":{\"@type\":\"PropertyValueSpecification\",\"valueRequired\":true,\"valueName\":\"search_term_string\"}}],\"inLanguage\":\"de-DE\"}]}<\/script>\n<!-- \/ Yoast SEO plugin. -->","yoast_head_json":{"title":"Parken im Hotel The Green Elephant in Maastricht","description":"Sie k\u00f6nnen Ihr Auto im Q Park P R Bahnhof Maastricht f\u00fcr nur 14 Euro f\u00fcr 24 Stunden parken. Der Parkplatz befindet sich in der N\u00e4he des Hotels The Green Elephant in Maastricht.","robots":{"index":"index","follow":"follow","max-snippet":"max-snippet:-1","max-image-preview":"max-image-preview:large","max-video-preview":"max-video-preview:-1"},"canonical":"https:\/\/www.thegreenelephant.nl\/de\/services\/parken","og_locale":"de_DE","og_type":"article","og_title":"Parken im Hotel The Green Elephant in Maastricht","og_description":"Sie k\u00f6nnen Ihr Auto im Q Park P R Bahnhof Maastricht f\u00fcr nur 14 Euro f\u00fcr 24 Stunden parken. Der Parkplatz befindet sich in der N\u00e4he des Hotels The Green Elephant in Maastricht.","og_url":"https:\/\/www.thegreenelephant.nl\/de\/services\/parken","og_site_name":"The Green Elephant Hotel","twitter_card":"summary_large_image","twitter_misc":{"Gesch\u00e4tzte Lesezeit":"2 Minuten"},"schema":{"@context":"https:\/\/schema.org","@graph":[{"@type":"WebPage","@id":"https:\/\/www.thegreenelephant.nl\/de\/services\/parken\/","url":"https:\/\/www.thegreenelephant.nl\/de\/services\/parken\/","name":"Parken im Hotel The Green Elephant in Maastricht","isPartOf":{"@id":"https:\/\/www.thegreenelephant.nl\/de\/#website"},"description":"Sie k\u00f6nnen Ihr Auto im Q Park P R Bahnhof Maastricht f\u00fcr nur 14 Euro f\u00fcr 24 Stunden parken. Der Parkplatz befindet sich in der N\u00e4he des Hotels The Green Elephant in Maastricht.","breadcrumb":{"@id":"https:\/\/www.thegreenelephant.nl\/de\/services\/parken\/#breadcrumb"},"inLanguage":"de-DE","potentialAction":[{"@type":"ReadAction","target":["https:\/\/www.thegreenelephant.nl\/de\/services\/parken\/"]}]},{"@type":"BreadcrumbList","@id":"https:\/\/www.thegreenelephant.nl\/de\/services\/parken\/#breadcrumb","itemListElement":[{"@type":"ListItem","position":1,"name":"Home","item":"https:\/\/www.thegreenelephant.nl\/de\/"},{"@type":"ListItem","position":2,"name":"Services &#038; Einrichtungen","item":"https:\/\/www.thegreenelephant.nl\/de\/services\/"},{"@type":"ListItem","position":3,"name":"Parken vor dem Hotel in Maastricht"}]},{"@type":"WebSite","@id":"https:\/\/www.thegreenelephant.nl\/de\/#website","url":"https:\/\/www.thegreenelephant.nl\/de\/","name":"The Green Elephant Hotel","description":"Hotel in Maastricht","potentialAction":[{"@type":"SearchAction","target":{"@type":"EntryPoint","urlTemplate":"https:\/\/www.thegreenelephant.nl\/de\/?s={search_term_string}"},"query-input":{"@type":"PropertyValueSpecification","valueRequired":true,"valueName":"search_term_string"}}],"inLanguage":"de-DE"}]}},"_links":{"self":[{"href":"https:\/\/www.thegreenelephant.nl\/de\/wp-json\/wp\/v2\/pages\/5975","targetHints":{"allow":["GET"]}}],"collection":[{"href":"https:\/\/www.thegreenelephant.nl\/de\/wp-json\/wp\/v2\/pages"}],"about":[{"href":"https:\/\/www.thegreenelephant.nl\/de\/wp-json\/wp\/v2\/types\/page"}],"author":[{"embeddable":true,"href":"https:\/\/www.thegreenelephant.nl\/de\/wp-json\/wp\/v2\/users\/12"}],"replies":[{"embeddable":true,"href":"https:\/\/www.thegreenelephant.nl\/de\/wp-json\/wp\/v2\/comments?post=5975"}],"version-history":[{"count":0,"href":"https:\/\/www.thegreenelephant.nl\/de\/wp-json\/wp\/v2\/pages\/5975\/revisions"}],"up":[{"embeddable":true,"href":"https:\/\/www.thegreenelephant.nl\/de\/wp-json\/wp\/v2\/pages\/5970"}],"wp:attachment":[{"href":"https:\/\/www.thegreenelephant.nl\/de\/wp-json\/wp\/v2\/media?parent=5975"}],"curies":[{"name":"wp","href":"https:\/\/api.w.org\/{rel}","templated":true}]}}