{"id":7466,"date":"2024-04-18T14:11:19","date_gmt":"2024-04-18T14:11:19","guid":{"rendered":"https:\/\/www.thegreenelephant.nl\/services\/wellness-spa\/sauna-maastricht-buchen-sie-eine-uebernachtung-im-the-green-elephant-hostels-in-der-naehe-von-wyck\/"},"modified":"2024-06-21T13:35:26","modified_gmt":"2024-06-21T13:35:26","slug":"sauna-maastricht-buchen-sie-eine-uebernachtung-im-the-green-elephant-hostels-in-der-naehe-von-wyck","status":"publish","type":"page","link":"https:\/\/www.thegreenelephant.nl\/de\/wellness-area\/sauna-hammam-maastricht\/","title":{"rendered":"Sauna Maastricht | Buchen Sie eine \u00dcbernachtung im The Green Elephant Hostels in der N\u00e4he von Wyck"},"content":{"rendered":"<div class=\"fusion-fullwidth fullwidth-box fusion-builder-row-1 fusion-flex-container nonhundred-percent-fullwidth non-hundred-percent-height-scrolling\" style=\"--awb-border-radius-top-left:0px;--awb-border-radius-top-right:0px;--awb-border-radius-bottom-right:0px;--awb-border-radius-bottom-left:0px;--awb-flex-wrap:wrap;\" ><div class=\"fusion-builder-row fusion-row fusion-flex-align-items-flex-start fusion-flex-content-wrap\" style=\"max-width:1456px;margin-left: calc(-4% \/ 2 );margin-right: calc(-4% \/ 2 );\"><div class=\"fusion-layout-column fusion_builder_column fusion-builder-column-0 fusion_builder_column_1_1 1_1 fusion-flex-column\" style=\"--awb-bg-size:cover;--awb-width-large:100%;--awb-margin-top-large:0px;--awb-spacing-right-large:1.92%;--awb-margin-bottom-large:20px;--awb-spacing-left-large:1.92%;--awb-width-medium:100%;--awb-spacing-right-medium:1.92%;--awb-spacing-left-medium:1.92%;--awb-width-small:100%;--awb-spacing-right-small:1.92%;--awb-spacing-left-small:1.92%;\"><div class=\"fusion-column-wrapper fusion-flex-justify-content-flex-start fusion-content-layout-column\"><\/div><\/div><div class=\"fusion-layout-column fusion_builder_column fusion-builder-column-1 fusion_builder_column_1_2 1_2 fusion-flex-column\" style=\"--awb-bg-size:cover;--awb-width-large:50%;--awb-margin-top-large:0px;--awb-spacing-right-large:3.84%;--awb-margin-bottom-large:20px;--awb-spacing-left-large:3.84%;--awb-width-medium:100%;--awb-spacing-right-medium:1.92%;--awb-spacing-left-medium:1.92%;--awb-width-small:100%;--awb-spacing-right-small:1.92%;--awb-spacing-left-small:1.92%;\"><div class=\"fusion-column-wrapper fusion-flex-justify-content-flex-start fusion-content-layout-column\"><div class=\"fusion-image-element \" style=\"text-align:center;--awb-caption-title-font-family:var(--h2_typography-font-family);--awb-caption-title-font-weight:var(--h2_typography-font-weight);--awb-caption-title-font-style:var(--h2_typography-font-style);--awb-caption-title-size:var(--h2_typography-font-size);--awb-caption-title-transform:var(--h2_typography-text-transform);--awb-caption-title-line-height:var(--h2_typography-line-height);--awb-caption-title-letter-spacing:var(--h2_typography-letter-spacing);\"><span class=\" fusion-imageframe imageframe-dropshadow imageframe-1 hover-type-zoomin\" style=\"-webkit-box-shadow: 3px 3px 7px rgba(114,114,114,0.3);box-shadow: 3px 3px 7px rgba(114,114,114,0.3);\"><img decoding=\"async\" src=\"https:\/\/www.thegreenelephant.nl\/wp-content\/uploads\/2023\/10\/Sauna-Hammam-van-Vivacious-Eco-City-Spa-the-green-.jpg\" alt class=\"img-responsive wp-image-6612\"\/><\/span><\/div><\/div><\/div><div class=\"fusion-layout-column fusion_builder_column fusion-builder-column-2 fusion_builder_column_1_2 1_2 fusion-flex-column thtextboxright\" style=\"--awb-bg-size:cover;--awb-width-large:50%;--awb-margin-top-large:0px;--awb-spacing-right-large:3.84%;--awb-margin-bottom-large:20px;--awb-spacing-left-large:3.84%;--awb-width-medium:100%;--awb-spacing-right-medium:1.92%;--awb-spacing-left-medium:1.92%;--awb-width-small:100%;--awb-spacing-right-small:1.92%;--awb-spacing-left-small:1.92%;\"><div class=\"fusion-column-wrapper fusion-flex-justify-content-flex-start fusion-content-layout-column\"><div class=\"fusion-title title fusion-title-1 fusion-sep-none fusion-title-text fusion-title-size-one\"><h1 class=\"fusion-title-heading title-heading-left\" style=\"margin:0;\">Sauna Maastricht | In der N\u00e4he des Zentrums von Maastricht<\/h1><\/div><div class=\"fusion-text fusion-text-1\"><h3>[ Elysian ] adj. Beautiful or creative; divinely inspired; peaceful and perfect.<\/h3>\n<p>Verw\u00f6hnen Sie sich einen Tag lang mit unseren Wellness-Einrichtungen in Maastricht und Umgebung! In der Vivacious Eco City Spa im The Green Elephant Hostels k\u00f6nnen Sie bereits ab 7,50 \u20ac pro Person Zugang zu unseren entspannenden Wellness-Einrichtungen genie\u00dfen, darunter eine Infrarotwand, drei verschiedene Saunen und ein Hamam. Egal, ob Sie dem Trubel der Stadt entfliehen oder die Ruhe in der wundersch\u00f6nen Umgebung des Heuvellandes genie\u00dfen m\u00f6chten, bei uns steht Ihr Wohlbefinden im Mittelpunkt. M\u00f6chten Sie Ihr Verw\u00f6hnprogramm komplettieren? Besuchen Sie dann unsere Nachbarn im<a href=\"https:\/\/www.navish.nl\/townhouse\/#behandelingen\"> NAVISH Boutique Spa @Townhouse<\/a>, wo Sie aus einer K\u00f6rperbehandlung, Gesichtsbehandlung oder einer wohltuenden Massage w\u00e4hlen k\u00f6nnen.<\/p>\n<\/div><div style=\"text-align:center;\"><a class=\"fusion-button button-flat fusion-button-default-size button-default fusion-button-default button-1 fusion-button-default-span fusion-button-default-type\" target=\"_blank\" rel=\"noopener noreferrer\" href=\"https:\/\/www.navish.nl\/townhouse\/#behandelingen\"><span class=\"fusion-button-text awb-button__text awb-button__text--default\">BUCHEN SIE EINE WELLNESS-BEHANDLUNG<\/span><\/a><\/div><\/div><\/div><div class=\"fusion-layout-column fusion_builder_column fusion-builder-column-3 fusion_builder_column_1_1 1_1 fusion-flex-column\" style=\"--awb-bg-size:cover;--awb-width-large:100%;--awb-margin-top-large:0px;--awb-spacing-right-large:1.92%;--awb-margin-bottom-large:20px;--awb-spacing-left-large:1.92%;--awb-width-medium:100%;--awb-spacing-right-medium:1.92%;--awb-spacing-left-medium:1.92%;--awb-width-small:100%;--awb-spacing-right-small:1.92%;--awb-spacing-left-small:1.92%;\"><div class=\"fusion-column-wrapper fusion-flex-justify-content-flex-start fusion-content-layout-column\"><div class=\"fusion-separator\" style=\"align-self: center;margin-left: auto;margin-right: auto;margin-top:40px;margin-bottom:40px;width:100%;max-width:50%;\"><div class=\"fusion-separator-border sep-single sep-solid\" style=\"--awb-height:20px;--awb-amount:20px;border-color:var(--awb-color3);border-top-width:1px;\"><\/div><\/div><\/div><\/div><div class=\"fusion-layout-column fusion_builder_column fusion-builder-column-4 fusion_builder_column_1_2 1_2 fusion-flex-column\" style=\"--awb-bg-size:cover;--awb-width-large:50%;--awb-margin-top-large:0px;--awb-spacing-right-large:3.84%;--awb-margin-bottom-large:20px;--awb-spacing-left-large:3.84%;--awb-width-medium:100%;--awb-spacing-right-medium:1.92%;--awb-spacing-left-medium:1.92%;--awb-width-small:100%;--awb-spacing-right-small:1.92%;--awb-spacing-left-small:1.92%;\"><div class=\"fusion-column-wrapper fusion-column-has-shadow fusion-flex-justify-content-flex-start fusion-content-layout-column\"><div class=\"fusion-title title fusion-title-2 fusion-sep-none fusion-title-text fusion-title-size-one\"><h1 class=\"fusion-title-heading title-heading-left\" style=\"margin:0;\">Einrichtungen im Vivacious Eco City Spa | Wellnesshotel Limburg<\/h1><\/div><div class=\"fusion-text fusion-text-2\"><ul>\n<li>Sauna bei 70\u02daC, Sauna bei 90\u02daC und Klimasauna bei 60\u02daC<\/li>\n<li>Hamam<\/li>\n<li>Eiswand<\/li>\n<li>Eimerdusche<\/li>\n<li>Fu\u00dfb\u00e4der<\/li>\n<li>Duschen<\/li>\n<li>Umkleider\u00e4ume<\/li>\n<li>Badebekleidung, Bademantel, Handtuch und Hausschuhe sind obligatorisch<\/li>\n<li>Bademantel, Hausschuhe und Handtuch k\u00f6nnen gemietet werden<\/li>\n<li>Wellness-Arrangement und Angebote<\/li>\n<\/ul>\n<p><em>Vergessen Sie nicht, an der Rezeption ein Zeitfenster zu reservieren.<\/em><\/p>\n<\/div><\/div><\/div><div class=\"fusion-layout-column fusion_builder_column fusion-builder-column-5 fusion_builder_column_1_2 1_2 fusion-flex-column\" style=\"--awb-bg-size:cover;--awb-width-large:50%;--awb-margin-top-large:0px;--awb-spacing-right-large:3.84%;--awb-margin-bottom-large:20px;--awb-spacing-left-large:3.84%;--awb-width-medium:100%;--awb-spacing-right-medium:1.92%;--awb-spacing-left-medium:1.92%;--awb-width-small:100%;--awb-spacing-right-small:1.92%;--awb-spacing-left-small:1.92%;\"><div class=\"fusion-column-wrapper fusion-column-has-shadow fusion-flex-justify-content-flex-start fusion-content-layout-column\"><div class=\"fusion-image-element \" style=\"text-align:center;--awb-caption-title-font-family:var(--h2_typography-font-family);--awb-caption-title-font-weight:var(--h2_typography-font-weight);--awb-caption-title-font-style:var(--h2_typography-font-style);--awb-caption-title-size:var(--h2_typography-font-size);--awb-caption-title-transform:var(--h2_typography-text-transform);--awb-caption-title-line-height:var(--h2_typography-line-height);--awb-caption-title-letter-spacing:var(--h2_typography-letter-spacing);\"><span class=\" fusion-imageframe imageframe-dropshadow imageframe-2 hover-type-zoomin\" style=\"-webkit-box-shadow: 3px 3px 7px rgba(114,114,114,0.3);box-shadow: 3px 3px 7px rgba(114,114,114,0.3);\"><img decoding=\"async\" title=\"facilities vivacious spa &#8211; the green elephant maastricht\" src=\"https:\/\/www.thegreenelephant.nl\/wp-content\/uploads\/2023\/10\/Weekendje-weg-Maastricht-arrangement-The-Green-Ele.jpg\" alt class=\"img-responsive wp-image-6602\"\/><\/span><\/div><\/div><\/div><div class=\"fusion-layout-column fusion_builder_column fusion-builder-column-6 fusion_builder_column_1_1 1_1 fusion-flex-column\" style=\"--awb-bg-size:cover;--awb-width-large:100%;--awb-margin-top-large:0px;--awb-spacing-right-large:1.92%;--awb-margin-bottom-large:20px;--awb-spacing-left-large:1.92%;--awb-width-medium:100%;--awb-spacing-right-medium:1.92%;--awb-spacing-left-medium:1.92%;--awb-width-small:100%;--awb-spacing-right-small:1.92%;--awb-spacing-left-small:1.92%;\"><div class=\"fusion-column-wrapper fusion-column-has-shadow fusion-flex-justify-content-flex-start fusion-content-layout-column\"><div class=\"fusion-title title fusion-title-3 fusion-sep-none fusion-title-text fusion-title-size-three\"><h3 class=\"fusion-title-heading title-heading-left\" style=\"margin:0;\">Massage buchen<\/h3><\/div><div class=\"fusion-text fusion-text-3\"><p>G\u00f6nnen Sie sich eine wohltuende Auszeit mit einer Behandlung im NAVISH Boutique Spa @Townhouse. Hier finden Sie alles f\u00fcr eine erfrischende K\u00f6rper- oder Gesichtsbehandlung oder eine entspannende Massage. Nach Ihrer Behandlung k\u00f6nnen Sie sich bei der Infrarotwand entspannen, die f\u00fcr ihre heilenden Eigenschaften f\u00fcr Ihr Immunsystem bekannt ist. Lassen Sie sich von einem ultimativen Wellnesserlebnis in Maastricht verw\u00f6hnen, das vom professionellen Team von NAVISH betreut wird.<\/p>\n<\/div><div style=\"text-align:center;\"><a class=\"fusion-button button-flat fusion-button-default-size button-default fusion-button-default button-2 fusion-button-default-span fusion-button-default-type\" target=\"_blank\" rel=\"noopener noreferrer\" href=\"https:\/\/www.navish.nl\/townhouse\/#behandelingen\"><span class=\"fusion-button-text awb-button__text awb-button__text--default\">BUCHEN SIE EINE WELLNESS-BEHANDLUNG<\/span><\/a><\/div><\/div><\/div><\/div><\/div>\n","protected":false},"excerpt":{"rendered":"","protected":false},"author":17,"featured_media":0,"parent":5941,"menu_order":0,"comment_status":"closed","ping_status":"closed","template":"100-width.php","meta":{"footnotes":""},"class_list":["post-7466","page","type-page","status-publish","hentry"],"yoast_head":"<!-- This site is optimized with the Yoast SEO plugin v27.2 - https:\/\/yoast.com\/product\/yoast-seo-wordpress\/ -->\n<title>Sauna Maastricht | Buchen Sie eine \u00dcbernachtung im The Green Elephant Hostels in der N\u00e4he von Wyck<\/title>\n<meta name=\"description\" content=\"Genie\u00dfen Sie eine entspannende Sauna mit Wellness und Infrarot in der Umgebung von Maastricht, alles in der N\u00e4he des Zentrums von Maastricht.\" \/>\n<meta name=\"robots\" content=\"index, follow, max-snippet:-1, max-image-preview:large, max-video-preview:-1\" \/>\n<link rel=\"canonical\" href=\"https:\/\/www.thegreenelephant.nl\/de\/wellness-area\/sauna-hammam-maastricht\" \/>\n<meta property=\"og:locale\" content=\"de_DE\" \/>\n<meta property=\"og:type\" content=\"article\" \/>\n<meta property=\"og:title\" content=\"Sauna Maastricht | Buchen Sie eine \u00dcbernachtung im The Green Elephant Hostels in der N\u00e4he von Wyck\" \/>\n<meta property=\"og:description\" content=\"Genie\u00dfen Sie eine entspannende Sauna mit Wellness und Infrarot in der Umgebung von Maastricht, alles in der N\u00e4he des Zentrums von Maastricht.\" \/>\n<meta property=\"og:url\" content=\"https:\/\/www.thegreenelephant.nl\/de\/wellness-area\/sauna-hammam-maastricht\" \/>\n<meta property=\"og:site_name\" content=\"The Green Elephant Hotel\" \/>\n<meta name=\"twitter:card\" content=\"summary_large_image\" \/>\n<meta name=\"twitter:label1\" content=\"Gesch\u00e4tzte Lesezeit\" \/>\n\t<meta name=\"twitter:data1\" content=\"6 Minuten\" \/>\n<script type=\"application\/ld+json\" class=\"yoast-schema-graph\">{\"@context\":\"https:\/\/schema.org\",\"@graph\":[{\"@type\":\"WebPage\",\"@id\":\"https:\/\/www.thegreenelephant.nl\/de\/wellness-area\/sauna-hammam-maastricht\/\",\"url\":\"https:\/\/www.thegreenelephant.nl\/de\/wellness-area\/sauna-hammam-maastricht\/\",\"name\":\"Sauna Maastricht | Buchen Sie eine \u00dcbernachtung im The Green Elephant Hostels in der N\u00e4he von Wyck\",\"isPartOf\":{\"@id\":\"https:\/\/www.thegreenelephant.nl\/de\/#website\"},\"description\":\"Genie\u00dfen Sie eine entspannende Sauna mit Wellness und Infrarot in der Umgebung von Maastricht, alles in der N\u00e4he des Zentrums von Maastricht.\",\"breadcrumb\":{\"@id\":\"https:\/\/www.thegreenelephant.nl\/de\/wellness-area\/sauna-hammam-maastricht\/#breadcrumb\"},\"inLanguage\":\"de-DE\",\"potentialAction\":[{\"@type\":\"ReadAction\",\"target\":[\"https:\/\/www.thegreenelephant.nl\/de\/wellness-area\/sauna-hammam-maastricht\/\"]}]},{\"@type\":\"BreadcrumbList\",\"@id\":\"https:\/\/www.thegreenelephant.nl\/de\/wellness-area\/sauna-hammam-maastricht\/#breadcrumb\",\"itemListElement\":[{\"@type\":\"ListItem\",\"position\":1,\"name\":\"Home\",\"item\":\"https:\/\/www.thegreenelephant.nl\/de\/\"},{\"@type\":\"ListItem\",\"position\":2,\"name\":\"Services &#038; Einrichtungen\",\"item\":\"https:\/\/www.thegreenelephant.nl\/de\/services\/\"},{\"@type\":\"ListItem\",\"position\":3,\"name\":\"Spa &amp; Wellness Hotel Maastricht | Maastricht Wellness-Paket\",\"item\":\"https:\/\/www.thegreenelephant.nl\/de\/wellness-area\/\"},{\"@type\":\"ListItem\",\"position\":4,\"name\":\"Sauna Maastricht | Buchen Sie eine \u00dcbernachtung im The Green Elephant Hostels in der N\u00e4he von Wyck\"}]},{\"@type\":\"WebSite\",\"@id\":\"https:\/\/www.thegreenelephant.nl\/de\/#website\",\"url\":\"https:\/\/www.thegreenelephant.nl\/de\/\",\"name\":\"The Green Elephant Hotel\",\"description\":\"Hotel in Maastricht\",\"potentialAction\":[{\"@type\":\"SearchAction\",\"target\":{\"@type\":\"EntryPoint\",\"urlTemplate\":\"https:\/\/www.thegreenelephant.nl\/de\/?s={search_term_string}\"},\"query-input\":{\"@type\":\"PropertyValueSpecification\",\"valueRequired\":true,\"valueName\":\"search_term_string\"}}],\"inLanguage\":\"de-DE\"}]}<\/script>\n<!-- \/ Yoast SEO plugin. -->","yoast_head_json":{"title":"Sauna Maastricht | Buchen Sie eine \u00dcbernachtung im The Green Elephant Hostels in der N\u00e4he von Wyck","description":"Genie\u00dfen Sie eine entspannende Sauna mit Wellness und Infrarot in der Umgebung von Maastricht, alles in der N\u00e4he des Zentrums von Maastricht.","robots":{"index":"index","follow":"follow","max-snippet":"max-snippet:-1","max-image-preview":"max-image-preview:large","max-video-preview":"max-video-preview:-1"},"canonical":"https:\/\/www.thegreenelephant.nl\/de\/wellness-area\/sauna-hammam-maastricht","og_locale":"de_DE","og_type":"article","og_title":"Sauna Maastricht | Buchen Sie eine \u00dcbernachtung im The Green Elephant Hostels in der N\u00e4he von Wyck","og_description":"Genie\u00dfen Sie eine entspannende Sauna mit Wellness und Infrarot in der Umgebung von Maastricht, alles in der N\u00e4he des Zentrums von Maastricht.","og_url":"https:\/\/www.thegreenelephant.nl\/de\/wellness-area\/sauna-hammam-maastricht","og_site_name":"The Green Elephant Hotel","twitter_card":"summary_large_image","twitter_misc":{"Gesch\u00e4tzte Lesezeit":"6 Minuten"},"schema":{"@context":"https:\/\/schema.org","@graph":[{"@type":"WebPage","@id":"https:\/\/www.thegreenelephant.nl\/de\/wellness-area\/sauna-hammam-maastricht\/","url":"https:\/\/www.thegreenelephant.nl\/de\/wellness-area\/sauna-hammam-maastricht\/","name":"Sauna Maastricht | Buchen Sie eine \u00dcbernachtung im The Green Elephant Hostels in der N\u00e4he von Wyck","isPartOf":{"@id":"https:\/\/www.thegreenelephant.nl\/de\/#website"},"description":"Genie\u00dfen Sie eine entspannende Sauna mit Wellness und Infrarot in der Umgebung von Maastricht, alles in der N\u00e4he des Zentrums von Maastricht.","breadcrumb":{"@id":"https:\/\/www.thegreenelephant.nl\/de\/wellness-area\/sauna-hammam-maastricht\/#breadcrumb"},"inLanguage":"de-DE","potentialAction":[{"@type":"ReadAction","target":["https:\/\/www.thegreenelephant.nl\/de\/wellness-area\/sauna-hammam-maastricht\/"]}]},{"@type":"BreadcrumbList","@id":"https:\/\/www.thegreenelephant.nl\/de\/wellness-area\/sauna-hammam-maastricht\/#breadcrumb","itemListElement":[{"@type":"ListItem","position":1,"name":"Home","item":"https:\/\/www.thegreenelephant.nl\/de\/"},{"@type":"ListItem","position":2,"name":"Services &#038; Einrichtungen","item":"https:\/\/www.thegreenelephant.nl\/de\/services\/"},{"@type":"ListItem","position":3,"name":"Spa &amp; Wellness Hotel Maastricht | Maastricht Wellness-Paket","item":"https:\/\/www.thegreenelephant.nl\/de\/wellness-area\/"},{"@type":"ListItem","position":4,"name":"Sauna Maastricht | Buchen Sie eine \u00dcbernachtung im The Green Elephant Hostels in der N\u00e4he von Wyck"}]},{"@type":"WebSite","@id":"https:\/\/www.thegreenelephant.nl\/de\/#website","url":"https:\/\/www.thegreenelephant.nl\/de\/","name":"The Green Elephant Hotel","description":"Hotel in Maastricht","potentialAction":[{"@type":"SearchAction","target":{"@type":"EntryPoint","urlTemplate":"https:\/\/www.thegreenelephant.nl\/de\/?s={search_term_string}"},"query-input":{"@type":"PropertyValueSpecification","valueRequired":true,"valueName":"search_term_string"}}],"inLanguage":"de-DE"}]}},"_links":{"self":[{"href":"https:\/\/www.thegreenelephant.nl\/de\/wp-json\/wp\/v2\/pages\/7466","targetHints":{"allow":["GET"]}}],"collection":[{"href":"https:\/\/www.thegreenelephant.nl\/de\/wp-json\/wp\/v2\/pages"}],"about":[{"href":"https:\/\/www.thegreenelephant.nl\/de\/wp-json\/wp\/v2\/types\/page"}],"author":[{"embeddable":true,"href":"https:\/\/www.thegreenelephant.nl\/de\/wp-json\/wp\/v2\/users\/17"}],"replies":[{"embeddable":true,"href":"https:\/\/www.thegreenelephant.nl\/de\/wp-json\/wp\/v2\/comments?post=7466"}],"version-history":[{"count":0,"href":"https:\/\/www.thegreenelephant.nl\/de\/wp-json\/wp\/v2\/pages\/7466\/revisions"}],"up":[{"embeddable":true,"href":"https:\/\/www.thegreenelephant.nl\/de\/wp-json\/wp\/v2\/pages\/5941"}],"wp:attachment":[{"href":"https:\/\/www.thegreenelephant.nl\/de\/wp-json\/wp\/v2\/media?parent=7466"}],"curies":[{"name":"wp","href":"https:\/\/api.w.org\/{rel}","templated":true}]}}